{"id":19959,"date":"2026-03-27T12:24:13","date_gmt":"2026-03-27T12:24:13","guid":{"rendered":"https:\/\/elviramodestconcept.com\/?post_type=product&#038;p=19959"},"modified":"2026-03-27T12:25:43","modified_gmt":"2026-03-27T12:25:43","slug":"crna-brokat-haljina-sa-diskretnim-sjajem-i-savrsenim-padom","status":"publish","type":"product","link":"https:\/\/elviramodestconcept.com\/en\/product\/crna-brokat-haljina-sa-diskretnim-sjajem-i-savrsenim-padom\/","title":{"rendered":"Crna brokat haljina sa diskretnim sjajem i savr\u0161enim padom"},"content":{"rendered":"<p>Crni brokat, \u010dista linija i elegancija koja ostaje upam\u0107ena.<\/p>\n<p>Ova haljina izra\u0111ena je od luksuznog brokata sa dodatkom elastina, \u0161to joj daje savr\u0161enu ravnote\u017eu izme\u0111u strukture i udobnosti. Reljefna tekstura brokata donosi suptilnu dozu elegancije, dok elastin omogu\u0107ava prijatno prijanjanje uz telo i slobodu pokreta tokom celog dana.<\/p>\n","protected":false},"excerpt":{"rendered":"<p>Crni brokat, \u010dista linija i elegancija koja ostaje upam\u0107ena. Ova haljina izra\u0111ena je od luksuznog brokata sa dodatkom elastina, \u0161to<\/p>\n","protected":false},"featured_media":19956,"template":"","meta":[],"product_brand":[],"product_cat":[72],"product_tag":[],"class_list":{"0":"post-19959","1":"product","2":"type-product","3":"status-publish","4":"has-post-thumbnail","6":"product_cat-haljine","8":"first","9":"instock","10":"shipping-taxable","11":"purchasable","12":"product-type-variable"},"yoast_head":"<!-- This site is optimized with the Yoast SEO plugin v25.8 - https:\/\/yoast.com\/wordpress\/plugins\/seo\/ -->\n<title>Crna brokat haljina sa diskretnim sjajem i savr\u0161enim padom - Elvira Modest Fashion<\/title>\n<meta name=\"robots\" content=\"index, follow, max-snippet:-1, max-image-preview:large, max-video-preview:-1\" \/>\n<link rel=\"canonical\" href=\"https:\/\/elviramodestconcept.com\/en\/product\/crna-brokat-haljina-sa-diskretnim-sjajem-i-savrsenim-padom\/\" \/>\n<meta property=\"og:locale\" content=\"en_US\" \/>\n<meta property=\"og:type\" content=\"article\" \/>\n<meta property=\"og:title\" content=\"Crna brokat haljina sa diskretnim sjajem i savr\u0161enim padom - Elvira Modest Fashion\" \/>\n<meta property=\"og:description\" content=\"Crni brokat, \u010dista linija i elegancija koja ostaje upam\u0107ena. Ova haljina izra\u0111ena je od luksuznog brokata sa dodatkom elastina, \u0161to\" \/>\n<meta property=\"og:url\" content=\"https:\/\/elviramodestconcept.com\/en\/product\/crna-brokat-haljina-sa-diskretnim-sjajem-i-savrsenim-padom\/\" \/>\n<meta property=\"og:site_name\" content=\"Elvira Modest Fashion\" \/>\n<meta property=\"article:modified_time\" content=\"2026-03-27T12:25:43+00:00\" \/>\n<meta property=\"og:image\" content=\"https:\/\/elviramodestconcept.com\/wp-content\/uploads\/2026\/03\/img_5449-scaled.jpeg\" \/>\n\t<meta property=\"og:image:width\" content=\"1920\" \/>\n\t<meta property=\"og:image:height\" content=\"2560\" \/>\n\t<meta property=\"og:image:type\" content=\"image\/jpeg\" \/>\n<meta name=\"twitter:card\" content=\"summary_large_image\" \/>\n<script type=\"application\/ld+json\" class=\"yoast-schema-graph\">{\"@context\":\"https:\/\/schema.org\",\"@graph\":[{\"@type\":\"WebPage\",\"@id\":\"https:\/\/elviramodestconcept.com\/en\/product\/crna-brokat-haljina-sa-diskretnim-sjajem-i-savrsenim-padom\/\",\"url\":\"https:\/\/elviramodestconcept.com\/en\/product\/crna-brokat-haljina-sa-diskretnim-sjajem-i-savrsenim-padom\/\",\"name\":\"Crna brokat haljina sa diskretnim sjajem i savr\u0161enim padom - Elvira Modest Fashion\",\"isPartOf\":{\"@id\":\"https:\/\/elviramodestconcept.com\/en\/#website\"},\"primaryImageOfPage\":{\"@id\":\"https:\/\/elviramodestconcept.com\/en\/product\/crna-brokat-haljina-sa-diskretnim-sjajem-i-savrsenim-padom\/#primaryimage\"},\"image\":{\"@id\":\"https:\/\/elviramodestconcept.com\/en\/product\/crna-brokat-haljina-sa-diskretnim-sjajem-i-savrsenim-padom\/#primaryimage\"},\"thumbnailUrl\":\"https:\/\/elviramodestconcept.com\/wp-content\/uploads\/2026\/03\/img_5449-scaled.jpeg\",\"datePublished\":\"2026-03-27T12:24:13+00:00\",\"dateModified\":\"2026-03-27T12:25:43+00:00\",\"breadcrumb\":{\"@id\":\"https:\/\/elviramodestconcept.com\/en\/product\/crna-brokat-haljina-sa-diskretnim-sjajem-i-savrsenim-padom\/#breadcrumb\"},\"inLanguage\":\"en-US\",\"potentialAction\":[{\"@type\":\"ReadAction\",\"target\":[\"https:\/\/elviramodestconcept.com\/en\/product\/crna-brokat-haljina-sa-diskretnim-sjajem-i-savrsenim-padom\/\"]}]},{\"@type\":\"ImageObject\",\"inLanguage\":\"en-US\",\"@id\":\"https:\/\/elviramodestconcept.com\/en\/product\/crna-brokat-haljina-sa-diskretnim-sjajem-i-savrsenim-padom\/#primaryimage\",\"url\":\"https:\/\/elviramodestconcept.com\/wp-content\/uploads\/2026\/03\/img_5449-scaled.jpeg\",\"contentUrl\":\"https:\/\/elviramodestconcept.com\/wp-content\/uploads\/2026\/03\/img_5449-scaled.jpeg\",\"width\":1920,\"height\":2560},{\"@type\":\"BreadcrumbList\",\"@id\":\"https:\/\/elviramodestconcept.com\/en\/product\/crna-brokat-haljina-sa-diskretnim-sjajem-i-savrsenim-padom\/#breadcrumb\",\"itemListElement\":[{\"@type\":\"ListItem\",\"position\":1,\"name\":\"Home\",\"item\":\"http:\/\/elviramodestconcept.com\/en\/\"},{\"@type\":\"ListItem\",\"position\":2,\"name\":\"Shop\",\"item\":\"http:\/\/elviramodestconcept.com\/en\/shop\/\"},{\"@type\":\"ListItem\",\"position\":3,\"name\":\"Crna brokat haljina sa diskretnim sjajem i savr\u0161enim padom\"}]},{\"@type\":\"WebSite\",\"@id\":\"https:\/\/elviramodestconcept.com\/en\/#website\",\"url\":\"https:\/\/elviramodestconcept.com\/en\/\",\"name\":\"Elvira Modest Fashion\",\"description\":\"\",\"publisher\":{\"@id\":\"https:\/\/elviramodestconcept.com\/en\/#organization\"},\"potentialAction\":[{\"@type\":\"SearchAction\",\"target\":{\"@type\":\"EntryPoint\",\"urlTemplate\":\"https:\/\/elviramodestconcept.com\/en\/?s={search_term_string}\"},\"query-input\":{\"@type\":\"PropertyValueSpecification\",\"valueRequired\":true,\"valueName\":\"search_term_string\"}}],\"inLanguage\":\"en-US\"},{\"@type\":\"Organization\",\"@id\":\"https:\/\/elviramodestconcept.com\/en\/#organization\",\"name\":\"Elvira Modest Fashion\",\"url\":\"https:\/\/elviramodestconcept.com\/en\/\",\"logo\":{\"@type\":\"ImageObject\",\"inLanguage\":\"en-US\",\"@id\":\"https:\/\/elviramodestconcept.com\/en\/#\/schema\/logo\/image\/\",\"url\":\"https:\/\/elviramodestconcept.com\/wp-content\/uploads\/2025\/04\/elvira-modest-fashion-black-logo.png\",\"contentUrl\":\"https:\/\/elviramodestconcept.com\/wp-content\/uploads\/2025\/04\/elvira-modest-fashion-black-logo.png\",\"width\":602,\"height\":510,\"caption\":\"Elvira Modest Fashion\"},\"image\":{\"@id\":\"https:\/\/elviramodestconcept.com\/en\/#\/schema\/logo\/image\/\"},\"sameAs\":[\"https:\/\/www.instagram.com\/elvira.modestconcept\/\"]}]}<\/script>\n<!-- \/ Yoast SEO plugin. -->","yoast_head_json":{"title":"Crna brokat haljina sa diskretnim sjajem i savr\u0161enim padom - Elvira Modest Fashion","robots":{"index":"index","follow":"follow","max-snippet":"max-snippet:-1","max-image-preview":"max-image-preview:large","max-video-preview":"max-video-preview:-1"},"canonical":"https:\/\/elviramodestconcept.com\/en\/product\/crna-brokat-haljina-sa-diskretnim-sjajem-i-savrsenim-padom\/","og_locale":"en_US","og_type":"article","og_title":"Crna brokat haljina sa diskretnim sjajem i savr\u0161enim padom - Elvira Modest Fashion","og_description":"Crni brokat, \u010dista linija i elegancija koja ostaje upam\u0107ena. Ova haljina izra\u0111ena je od luksuznog brokata sa dodatkom elastina, \u0161to","og_url":"https:\/\/elviramodestconcept.com\/en\/product\/crna-brokat-haljina-sa-diskretnim-sjajem-i-savrsenim-padom\/","og_site_name":"Elvira Modest Fashion","article_modified_time":"2026-03-27T12:25:43+00:00","og_image":[{"width":1920,"height":2560,"url":"https:\/\/elviramodestconcept.com\/wp-content\/uploads\/2026\/03\/img_5449-scaled.jpeg","type":"image\/jpeg"}],"twitter_card":"summary_large_image","schema":{"@context":"https:\/\/schema.org","@graph":[{"@type":"WebPage","@id":"https:\/\/elviramodestconcept.com\/en\/product\/crna-brokat-haljina-sa-diskretnim-sjajem-i-savrsenim-padom\/","url":"https:\/\/elviramodestconcept.com\/en\/product\/crna-brokat-haljina-sa-diskretnim-sjajem-i-savrsenim-padom\/","name":"Crna brokat haljina sa diskretnim sjajem i savr\u0161enim padom - Elvira Modest Fashion","isPartOf":{"@id":"https:\/\/elviramodestconcept.com\/en\/#website"},"primaryImageOfPage":{"@id":"https:\/\/elviramodestconcept.com\/en\/product\/crna-brokat-haljina-sa-diskretnim-sjajem-i-savrsenim-padom\/#primaryimage"},"image":{"@id":"https:\/\/elviramodestconcept.com\/en\/product\/crna-brokat-haljina-sa-diskretnim-sjajem-i-savrsenim-padom\/#primaryimage"},"thumbnailUrl":"https:\/\/elviramodestconcept.com\/wp-content\/uploads\/2026\/03\/img_5449-scaled.jpeg","datePublished":"2026-03-27T12:24:13+00:00","dateModified":"2026-03-27T12:25:43+00:00","breadcrumb":{"@id":"https:\/\/elviramodestconcept.com\/en\/product\/crna-brokat-haljina-sa-diskretnim-sjajem-i-savrsenim-padom\/#breadcrumb"},"inLanguage":"en-US","potentialAction":[{"@type":"ReadAction","target":["https:\/\/elviramodestconcept.com\/en\/product\/crna-brokat-haljina-sa-diskretnim-sjajem-i-savrsenim-padom\/"]}]},{"@type":"ImageObject","inLanguage":"en-US","@id":"https:\/\/elviramodestconcept.com\/en\/product\/crna-brokat-haljina-sa-diskretnim-sjajem-i-savrsenim-padom\/#primaryimage","url":"https:\/\/elviramodestconcept.com\/wp-content\/uploads\/2026\/03\/img_5449-scaled.jpeg","contentUrl":"https:\/\/elviramodestconcept.com\/wp-content\/uploads\/2026\/03\/img_5449-scaled.jpeg","width":1920,"height":2560},{"@type":"BreadcrumbList","@id":"https:\/\/elviramodestconcept.com\/en\/product\/crna-brokat-haljina-sa-diskretnim-sjajem-i-savrsenim-padom\/#breadcrumb","itemListElement":[{"@type":"ListItem","position":1,"name":"Home","item":"http:\/\/elviramodestconcept.com\/en\/"},{"@type":"ListItem","position":2,"name":"Shop","item":"http:\/\/elviramodestconcept.com\/en\/shop\/"},{"@type":"ListItem","position":3,"name":"Crna brokat haljina sa diskretnim sjajem i savr\u0161enim padom"}]},{"@type":"WebSite","@id":"https:\/\/elviramodestconcept.com\/en\/#website","url":"https:\/\/elviramodestconcept.com\/en\/","name":"Elvira Modest Fashion","description":"","publisher":{"@id":"https:\/\/elviramodestconcept.com\/en\/#organization"},"potentialAction":[{"@type":"SearchAction","target":{"@type":"EntryPoint","urlTemplate":"https:\/\/elviramodestconcept.com\/en\/?s={search_term_string}"},"query-input":{"@type":"PropertyValueSpecification","valueRequired":true,"valueName":"search_term_string"}}],"inLanguage":"en-US"},{"@type":"Organization","@id":"https:\/\/elviramodestconcept.com\/en\/#organization","name":"Elvira Modest Fashion","url":"https:\/\/elviramodestconcept.com\/en\/","logo":{"@type":"ImageObject","inLanguage":"en-US","@id":"https:\/\/elviramodestconcept.com\/en\/#\/schema\/logo\/image\/","url":"https:\/\/elviramodestconcept.com\/wp-content\/uploads\/2025\/04\/elvira-modest-fashion-black-logo.png","contentUrl":"https:\/\/elviramodestconcept.com\/wp-content\/uploads\/2025\/04\/elvira-modest-fashion-black-logo.png","width":602,"height":510,"caption":"Elvira Modest Fashion"},"image":{"@id":"https:\/\/elviramodestconcept.com\/en\/#\/schema\/logo\/image\/"},"sameAs":["https:\/\/www.instagram.com\/elvira.modestconcept\/"]}]}},"_links":{"self":[{"href":"https:\/\/elviramodestconcept.com\/en\/wp-json\/wp\/v2\/product\/19959","targetHints":{"allow":["GET"]}}],"collection":[{"href":"https:\/\/elviramodestconcept.com\/en\/wp-json\/wp\/v2\/product"}],"about":[{"href":"https:\/\/elviramodestconcept.com\/en\/wp-json\/wp\/v2\/types\/product"}],"version-history":[{"count":1,"href":"https:\/\/elviramodestconcept.com\/en\/wp-json\/wp\/v2\/product\/19959\/revisions"}],"predecessor-version":[{"id":19965,"href":"https:\/\/elviramodestconcept.com\/en\/wp-json\/wp\/v2\/product\/19959\/revisions\/19965"}],"wp:featuredmedia":[{"embeddable":true,"href":"https:\/\/elviramodestconcept.com\/en\/wp-json\/wp\/v2\/media\/19956"}],"wp:attachment":[{"href":"https:\/\/elviramodestconcept.com\/en\/wp-json\/wp\/v2\/media?parent=19959"}],"wp:term":[{"taxonomy":"product_brand","embeddable":true,"href":"https:\/\/elviramodestconcept.com\/en\/wp-json\/wp\/v2\/product_brand?post=19959"},{"taxonomy":"product_cat","embeddable":true,"href":"https:\/\/elviramodestconcept.com\/en\/wp-json\/wp\/v2\/product_cat?post=19959"},{"taxonomy":"product_tag","embeddable":true,"href":"https:\/\/elviramodestconcept.com\/en\/wp-json\/wp\/v2\/product_tag?post=19959"}],"curies":[{"name":"wp","href":"https:\/\/api.w.org\/{rel}","templated":true}]}}