{"id":19811,"date":"2025-11-27T13:09:17","date_gmt":"2025-11-27T13:09:17","guid":{"rendered":"https:\/\/elviramodestconcept.com\/?post_type=product&#038;p=19811"},"modified":"2025-11-27T13:10:30","modified_gmt":"2025-11-27T13:10:30","slug":"vunakasmirponco","status":"publish","type":"product","link":"https:\/\/elviramodestconcept.com\/en\/product\/vunakasmirponco\/","title":{"rendered":"Vuna+ka\u0161mir=pon\u010do"},"content":{"rendered":"<p>Ovaj pon\u010do je izra\u0111en od kvalitetne me\u0161avine vune, ka\u0161mira i visokokvalitetnih vlakana koji zajedno pru\u017eaju savr\u0161en odnos topline, strukture i udobnosti.<\/p>\n<p>Vuna obezbe\u0111uje stabilan oblik i trajnost, dok ka\u0161mir dodaje ne\u017enost i luksuznu meko\u0107u. Idealno za hladne dane \u2014 lagan za no\u0161enje, a vizuelno mo\u0107an.<\/p>\n","protected":false},"excerpt":{"rendered":"<p>Ovaj pon\u010do je izra\u0111en od kvalitetne me\u0161avine vune, ka\u0161mira i visokokvalitetnih vlakana koji zajedno pru\u017eaju savr\u0161en odnos topline, strukture i<\/p>\n","protected":false},"featured_media":19802,"template":"","meta":[],"product_brand":[],"product_cat":[192],"product_tag":[],"class_list":{"0":"post-19811","1":"product","2":"type-product","3":"status-publish","4":"has-post-thumbnail","6":"product_cat-ponco","8":"first","9":"instock","10":"shipping-taxable","11":"purchasable","12":"product-type-variable"},"yoast_head":"<!-- This site is optimized with the Yoast SEO plugin v25.8 - https:\/\/yoast.com\/wordpress\/plugins\/seo\/ -->\n<title>Vuna+ka\u0161mir=pon\u010do - Elvira Modest Fashion<\/title>\n<meta name=\"robots\" content=\"index, follow, max-snippet:-1, max-image-preview:large, max-video-preview:-1\" \/>\n<link rel=\"canonical\" href=\"https:\/\/elviramodestconcept.com\/en\/product\/vunakasmirponco\/\" \/>\n<meta property=\"og:locale\" content=\"en_US\" \/>\n<meta property=\"og:type\" content=\"article\" \/>\n<meta property=\"og:title\" content=\"Vuna+ka\u0161mir=pon\u010do - Elvira Modest Fashion\" \/>\n<meta property=\"og:description\" content=\"Ovaj pon\u010do je izra\u0111en od kvalitetne me\u0161avine vune, ka\u0161mira i visokokvalitetnih vlakana koji zajedno pru\u017eaju savr\u0161en odnos topline, strukture i\" \/>\n<meta property=\"og:url\" content=\"https:\/\/elviramodestconcept.com\/en\/product\/vunakasmirponco\/\" \/>\n<meta property=\"og:site_name\" content=\"Elvira Modest Fashion\" \/>\n<meta property=\"article:modified_time\" content=\"2025-11-27T13:10:30+00:00\" \/>\n<meta property=\"og:image\" content=\"https:\/\/elviramodestconcept.com\/wp-content\/uploads\/2025\/11\/aef0a123-5f7e-4264-b3cf-d0c02efca179-1.jpeg\" \/>\n\t<meta property=\"og:image:width\" content=\"1440\" \/>\n\t<meta property=\"og:image:height\" content=\"1920\" \/>\n\t<meta property=\"og:image:type\" content=\"image\/jpeg\" \/>\n<meta name=\"twitter:card\" content=\"summary_large_image\" \/>\n<script type=\"application\/ld+json\" class=\"yoast-schema-graph\">{\"@context\":\"https:\/\/schema.org\",\"@graph\":[{\"@type\":\"WebPage\",\"@id\":\"https:\/\/elviramodestconcept.com\/en\/product\/vunakasmirponco\/\",\"url\":\"https:\/\/elviramodestconcept.com\/en\/product\/vunakasmirponco\/\",\"name\":\"Vuna+ka\u0161mir=pon\u010do - Elvira Modest Fashion\",\"isPartOf\":{\"@id\":\"https:\/\/elviramodestconcept.com\/en\/#website\"},\"primaryImageOfPage\":{\"@id\":\"https:\/\/elviramodestconcept.com\/en\/product\/vunakasmirponco\/#primaryimage\"},\"image\":{\"@id\":\"https:\/\/elviramodestconcept.com\/en\/product\/vunakasmirponco\/#primaryimage\"},\"thumbnailUrl\":\"https:\/\/elviramodestconcept.com\/wp-content\/uploads\/2025\/11\/aef0a123-5f7e-4264-b3cf-d0c02efca179-1.jpeg\",\"datePublished\":\"2025-11-27T13:09:17+00:00\",\"dateModified\":\"2025-11-27T13:10:30+00:00\",\"breadcrumb\":{\"@id\":\"https:\/\/elviramodestconcept.com\/en\/product\/vunakasmirponco\/#breadcrumb\"},\"inLanguage\":\"en-US\",\"potentialAction\":[{\"@type\":\"ReadAction\",\"target\":[\"https:\/\/elviramodestconcept.com\/en\/product\/vunakasmirponco\/\"]}]},{\"@type\":\"ImageObject\",\"inLanguage\":\"en-US\",\"@id\":\"https:\/\/elviramodestconcept.com\/en\/product\/vunakasmirponco\/#primaryimage\",\"url\":\"https:\/\/elviramodestconcept.com\/wp-content\/uploads\/2025\/11\/aef0a123-5f7e-4264-b3cf-d0c02efca179-1.jpeg\",\"contentUrl\":\"https:\/\/elviramodestconcept.com\/wp-content\/uploads\/2025\/11\/aef0a123-5f7e-4264-b3cf-d0c02efca179-1.jpeg\",\"width\":1440,\"height\":1920},{\"@type\":\"BreadcrumbList\",\"@id\":\"https:\/\/elviramodestconcept.com\/en\/product\/vunakasmirponco\/#breadcrumb\",\"itemListElement\":[{\"@type\":\"ListItem\",\"position\":1,\"name\":\"Home\",\"item\":\"http:\/\/elviramodestconcept.com\/en\/\"},{\"@type\":\"ListItem\",\"position\":2,\"name\":\"Shop\",\"item\":\"http:\/\/elviramodestconcept.com\/en\/shop\/\"},{\"@type\":\"ListItem\",\"position\":3,\"name\":\"Vuna+ka\u0161mir=pon\u010do\"}]},{\"@type\":\"WebSite\",\"@id\":\"https:\/\/elviramodestconcept.com\/en\/#website\",\"url\":\"https:\/\/elviramodestconcept.com\/en\/\",\"name\":\"Elvira Modest Fashion\",\"description\":\"\",\"publisher\":{\"@id\":\"https:\/\/elviramodestconcept.com\/en\/#organization\"},\"potentialAction\":[{\"@type\":\"SearchAction\",\"target\":{\"@type\":\"EntryPoint\",\"urlTemplate\":\"https:\/\/elviramodestconcept.com\/en\/?s={search_term_string}\"},\"query-input\":{\"@type\":\"PropertyValueSpecification\",\"valueRequired\":true,\"valueName\":\"search_term_string\"}}],\"inLanguage\":\"en-US\"},{\"@type\":\"Organization\",\"@id\":\"https:\/\/elviramodestconcept.com\/en\/#organization\",\"name\":\"Elvira Modest Fashion\",\"url\":\"https:\/\/elviramodestconcept.com\/en\/\",\"logo\":{\"@type\":\"ImageObject\",\"inLanguage\":\"en-US\",\"@id\":\"https:\/\/elviramodestconcept.com\/en\/#\/schema\/logo\/image\/\",\"url\":\"https:\/\/elviramodestconcept.com\/wp-content\/uploads\/2025\/04\/elvira-modest-fashion-black-logo.png\",\"contentUrl\":\"https:\/\/elviramodestconcept.com\/wp-content\/uploads\/2025\/04\/elvira-modest-fashion-black-logo.png\",\"width\":602,\"height\":510,\"caption\":\"Elvira Modest Fashion\"},\"image\":{\"@id\":\"https:\/\/elviramodestconcept.com\/en\/#\/schema\/logo\/image\/\"},\"sameAs\":[\"https:\/\/www.instagram.com\/elvira.modestconcept\/\"]}]}<\/script>\n<!-- \/ Yoast SEO plugin. -->","yoast_head_json":{"title":"Vuna+ka\u0161mir=pon\u010do - Elvira Modest Fashion","robots":{"index":"index","follow":"follow","max-snippet":"max-snippet:-1","max-image-preview":"max-image-preview:large","max-video-preview":"max-video-preview:-1"},"canonical":"https:\/\/elviramodestconcept.com\/en\/product\/vunakasmirponco\/","og_locale":"en_US","og_type":"article","og_title":"Vuna+ka\u0161mir=pon\u010do - Elvira Modest Fashion","og_description":"Ovaj pon\u010do je izra\u0111en od kvalitetne me\u0161avine vune, ka\u0161mira i visokokvalitetnih vlakana koji zajedno pru\u017eaju savr\u0161en odnos topline, strukture i","og_url":"https:\/\/elviramodestconcept.com\/en\/product\/vunakasmirponco\/","og_site_name":"Elvira Modest Fashion","article_modified_time":"2025-11-27T13:10:30+00:00","og_image":[{"width":1440,"height":1920,"url":"https:\/\/elviramodestconcept.com\/wp-content\/uploads\/2025\/11\/aef0a123-5f7e-4264-b3cf-d0c02efca179-1.jpeg","type":"image\/jpeg"}],"twitter_card":"summary_large_image","schema":{"@context":"https:\/\/schema.org","@graph":[{"@type":"WebPage","@id":"https:\/\/elviramodestconcept.com\/en\/product\/vunakasmirponco\/","url":"https:\/\/elviramodestconcept.com\/en\/product\/vunakasmirponco\/","name":"Vuna+ka\u0161mir=pon\u010do - Elvira Modest Fashion","isPartOf":{"@id":"https:\/\/elviramodestconcept.com\/en\/#website"},"primaryImageOfPage":{"@id":"https:\/\/elviramodestconcept.com\/en\/product\/vunakasmirponco\/#primaryimage"},"image":{"@id":"https:\/\/elviramodestconcept.com\/en\/product\/vunakasmirponco\/#primaryimage"},"thumbnailUrl":"https:\/\/elviramodestconcept.com\/wp-content\/uploads\/2025\/11\/aef0a123-5f7e-4264-b3cf-d0c02efca179-1.jpeg","datePublished":"2025-11-27T13:09:17+00:00","dateModified":"2025-11-27T13:10:30+00:00","breadcrumb":{"@id":"https:\/\/elviramodestconcept.com\/en\/product\/vunakasmirponco\/#breadcrumb"},"inLanguage":"en-US","potentialAction":[{"@type":"ReadAction","target":["https:\/\/elviramodestconcept.com\/en\/product\/vunakasmirponco\/"]}]},{"@type":"ImageObject","inLanguage":"en-US","@id":"https:\/\/elviramodestconcept.com\/en\/product\/vunakasmirponco\/#primaryimage","url":"https:\/\/elviramodestconcept.com\/wp-content\/uploads\/2025\/11\/aef0a123-5f7e-4264-b3cf-d0c02efca179-1.jpeg","contentUrl":"https:\/\/elviramodestconcept.com\/wp-content\/uploads\/2025\/11\/aef0a123-5f7e-4264-b3cf-d0c02efca179-1.jpeg","width":1440,"height":1920},{"@type":"BreadcrumbList","@id":"https:\/\/elviramodestconcept.com\/en\/product\/vunakasmirponco\/#breadcrumb","itemListElement":[{"@type":"ListItem","position":1,"name":"Home","item":"http:\/\/elviramodestconcept.com\/en\/"},{"@type":"ListItem","position":2,"name":"Shop","item":"http:\/\/elviramodestconcept.com\/en\/shop\/"},{"@type":"ListItem","position":3,"name":"Vuna+ka\u0161mir=pon\u010do"}]},{"@type":"WebSite","@id":"https:\/\/elviramodestconcept.com\/en\/#website","url":"https:\/\/elviramodestconcept.com\/en\/","name":"Elvira Modest Fashion","description":"","publisher":{"@id":"https:\/\/elviramodestconcept.com\/en\/#organization"},"potentialAction":[{"@type":"SearchAction","target":{"@type":"EntryPoint","urlTemplate":"https:\/\/elviramodestconcept.com\/en\/?s={search_term_string}"},"query-input":{"@type":"PropertyValueSpecification","valueRequired":true,"valueName":"search_term_string"}}],"inLanguage":"en-US"},{"@type":"Organization","@id":"https:\/\/elviramodestconcept.com\/en\/#organization","name":"Elvira Modest Fashion","url":"https:\/\/elviramodestconcept.com\/en\/","logo":{"@type":"ImageObject","inLanguage":"en-US","@id":"https:\/\/elviramodestconcept.com\/en\/#\/schema\/logo\/image\/","url":"https:\/\/elviramodestconcept.com\/wp-content\/uploads\/2025\/04\/elvira-modest-fashion-black-logo.png","contentUrl":"https:\/\/elviramodestconcept.com\/wp-content\/uploads\/2025\/04\/elvira-modest-fashion-black-logo.png","width":602,"height":510,"caption":"Elvira Modest Fashion"},"image":{"@id":"https:\/\/elviramodestconcept.com\/en\/#\/schema\/logo\/image\/"},"sameAs":["https:\/\/www.instagram.com\/elvira.modestconcept\/"]}]}},"_links":{"self":[{"href":"https:\/\/elviramodestconcept.com\/en\/wp-json\/wp\/v2\/product\/19811","targetHints":{"allow":["GET"]}}],"collection":[{"href":"https:\/\/elviramodestconcept.com\/en\/wp-json\/wp\/v2\/product"}],"about":[{"href":"https:\/\/elviramodestconcept.com\/en\/wp-json\/wp\/v2\/types\/product"}],"version-history":[{"count":1,"href":"https:\/\/elviramodestconcept.com\/en\/wp-json\/wp\/v2\/product\/19811\/revisions"}],"predecessor-version":[{"id":19817,"href":"https:\/\/elviramodestconcept.com\/en\/wp-json\/wp\/v2\/product\/19811\/revisions\/19817"}],"wp:featuredmedia":[{"embeddable":true,"href":"https:\/\/elviramodestconcept.com\/en\/wp-json\/wp\/v2\/media\/19802"}],"wp:attachment":[{"href":"https:\/\/elviramodestconcept.com\/en\/wp-json\/wp\/v2\/media?parent=19811"}],"wp:term":[{"taxonomy":"product_brand","embeddable":true,"href":"https:\/\/elviramodestconcept.com\/en\/wp-json\/wp\/v2\/product_brand?post=19811"},{"taxonomy":"product_cat","embeddable":true,"href":"https:\/\/elviramodestconcept.com\/en\/wp-json\/wp\/v2\/product_cat?post=19811"},{"taxonomy":"product_tag","embeddable":true,"href":"https:\/\/elviramodestconcept.com\/en\/wp-json\/wp\/v2\/product_tag?post=19811"}],"curies":[{"name":"wp","href":"https:\/\/api.w.org\/{rel}","templated":true}]}}