{"id":19649,"date":"2025-11-04T16:40:39","date_gmt":"2025-11-04T16:40:39","guid":{"rendered":"https:\/\/elviramodestconcept.com\/?post_type=product&#038;p=19649"},"modified":"2025-11-04T16:42:00","modified_gmt":"2025-11-04T16:42:00","slug":"ponco-od-vune-u-kariranom-dezenu","status":"publish","type":"product","link":"https:\/\/elviramodestconcept.com\/en\/product\/ponco-od-vune-u-kariranom-dezenu\/","title":{"rendered":"PON\u010cO OD VUNE U KARIRANOM DEZENU"},"content":{"rendered":"<p>Topao, mekan i besprekorno elegantan \u2014 ovaj pon\u010do spaja klasiku i udobnost u jednom komadu. Oversized kroj i kai\u0161 u struku nagla\u0161avaju siluetu, dok visoka kragna i krupna dugmad daju sofisticiran zavr\u0161etak. Idealno za slojevito obla\u010denje i hladne jesenje dane.<\/p>\n","protected":false},"excerpt":{"rendered":"<p>Topao, mekan i besprekorno elegantan \u2014 ovaj pon\u010do spaja klasiku i udobnost u jednom komadu. Oversized kroj i kai\u0161 u<\/p>\n","protected":false},"featured_media":19640,"template":"","meta":[],"product_brand":[],"product_cat":[192],"product_tag":[],"class_list":{"0":"post-19649","1":"product","2":"type-product","3":"status-publish","4":"has-post-thumbnail","6":"product_cat-ponco","8":"first","9":"instock","10":"shipping-taxable","11":"purchasable","12":"product-type-variable"},"yoast_head":"<!-- This site is optimized with the Yoast SEO plugin v25.8 - https:\/\/yoast.com\/wordpress\/plugins\/seo\/ -->\n<title>PON\u010cO OD VUNE U KARIRANOM DEZENU - Elvira Modest Fashion<\/title>\n<meta name=\"robots\" content=\"index, follow, max-snippet:-1, max-image-preview:large, max-video-preview:-1\" \/>\n<link rel=\"canonical\" href=\"https:\/\/elviramodestconcept.com\/en\/product\/ponco-od-vune-u-kariranom-dezenu\/\" \/>\n<meta property=\"og:locale\" content=\"en_US\" \/>\n<meta property=\"og:type\" content=\"article\" \/>\n<meta property=\"og:title\" content=\"PON\u010cO OD VUNE U KARIRANOM DEZENU - Elvira Modest Fashion\" \/>\n<meta property=\"og:description\" content=\"Topao, mekan i besprekorno elegantan \u2014 ovaj pon\u010do spaja klasiku i udobnost u jednom komadu. Oversized kroj i kai\u0161 u\" \/>\n<meta property=\"og:url\" content=\"https:\/\/elviramodestconcept.com\/en\/product\/ponco-od-vune-u-kariranom-dezenu\/\" \/>\n<meta property=\"og:site_name\" content=\"Elvira Modest Fashion\" \/>\n<meta property=\"article:modified_time\" content=\"2025-11-04T16:42:00+00:00\" \/>\n<meta property=\"og:image\" content=\"https:\/\/elviramodestconcept.com\/wp-content\/uploads\/2025\/11\/c2bf2d1b-ea16-4faa-b484-a0c5f334c94e-scaled.jpeg\" \/>\n\t<meta property=\"og:image:width\" content=\"1707\" \/>\n\t<meta property=\"og:image:height\" content=\"2560\" \/>\n\t<meta property=\"og:image:type\" content=\"image\/jpeg\" \/>\n<meta name=\"twitter:card\" content=\"summary_large_image\" \/>\n<script type=\"application\/ld+json\" class=\"yoast-schema-graph\">{\"@context\":\"https:\/\/schema.org\",\"@graph\":[{\"@type\":\"WebPage\",\"@id\":\"https:\/\/elviramodestconcept.com\/en\/product\/ponco-od-vune-u-kariranom-dezenu\/\",\"url\":\"https:\/\/elviramodestconcept.com\/en\/product\/ponco-od-vune-u-kariranom-dezenu\/\",\"name\":\"PON\u010cO OD VUNE U KARIRANOM DEZENU - Elvira Modest Fashion\",\"isPartOf\":{\"@id\":\"https:\/\/elviramodestconcept.com\/en\/#website\"},\"primaryImageOfPage\":{\"@id\":\"https:\/\/elviramodestconcept.com\/en\/product\/ponco-od-vune-u-kariranom-dezenu\/#primaryimage\"},\"image\":{\"@id\":\"https:\/\/elviramodestconcept.com\/en\/product\/ponco-od-vune-u-kariranom-dezenu\/#primaryimage\"},\"thumbnailUrl\":\"https:\/\/elviramodestconcept.com\/wp-content\/uploads\/2025\/11\/c2bf2d1b-ea16-4faa-b484-a0c5f334c94e-scaled.jpeg\",\"datePublished\":\"2025-11-04T16:40:39+00:00\",\"dateModified\":\"2025-11-04T16:42:00+00:00\",\"breadcrumb\":{\"@id\":\"https:\/\/elviramodestconcept.com\/en\/product\/ponco-od-vune-u-kariranom-dezenu\/#breadcrumb\"},\"inLanguage\":\"en-US\",\"potentialAction\":[{\"@type\":\"ReadAction\",\"target\":[\"https:\/\/elviramodestconcept.com\/en\/product\/ponco-od-vune-u-kariranom-dezenu\/\"]}]},{\"@type\":\"ImageObject\",\"inLanguage\":\"en-US\",\"@id\":\"https:\/\/elviramodestconcept.com\/en\/product\/ponco-od-vune-u-kariranom-dezenu\/#primaryimage\",\"url\":\"https:\/\/elviramodestconcept.com\/wp-content\/uploads\/2025\/11\/c2bf2d1b-ea16-4faa-b484-a0c5f334c94e-scaled.jpeg\",\"contentUrl\":\"https:\/\/elviramodestconcept.com\/wp-content\/uploads\/2025\/11\/c2bf2d1b-ea16-4faa-b484-a0c5f334c94e-scaled.jpeg\",\"width\":1707,\"height\":2560},{\"@type\":\"BreadcrumbList\",\"@id\":\"https:\/\/elviramodestconcept.com\/en\/product\/ponco-od-vune-u-kariranom-dezenu\/#breadcrumb\",\"itemListElement\":[{\"@type\":\"ListItem\",\"position\":1,\"name\":\"Home\",\"item\":\"https:\/\/elviramodestconcept.com\/en\/\"},{\"@type\":\"ListItem\",\"position\":2,\"name\":\"Shop\",\"item\":\"https:\/\/elviramodestconcept.com\/en\/shop\/\"},{\"@type\":\"ListItem\",\"position\":3,\"name\":\"PON\u010cO OD VUNE U KARIRANOM DEZENU\"}]},{\"@type\":\"WebSite\",\"@id\":\"https:\/\/elviramodestconcept.com\/en\/#website\",\"url\":\"https:\/\/elviramodestconcept.com\/en\/\",\"name\":\"Elvira Modest Fashion\",\"description\":\"\",\"publisher\":{\"@id\":\"https:\/\/elviramodestconcept.com\/en\/#organization\"},\"potentialAction\":[{\"@type\":\"SearchAction\",\"target\":{\"@type\":\"EntryPoint\",\"urlTemplate\":\"https:\/\/elviramodestconcept.com\/en\/?s={search_term_string}\"},\"query-input\":{\"@type\":\"PropertyValueSpecification\",\"valueRequired\":true,\"valueName\":\"search_term_string\"}}],\"inLanguage\":\"en-US\"},{\"@type\":\"Organization\",\"@id\":\"https:\/\/elviramodestconcept.com\/en\/#organization\",\"name\":\"Elvira Modest Fashion\",\"url\":\"https:\/\/elviramodestconcept.com\/en\/\",\"logo\":{\"@type\":\"ImageObject\",\"inLanguage\":\"en-US\",\"@id\":\"https:\/\/elviramodestconcept.com\/en\/#\/schema\/logo\/image\/\",\"url\":\"https:\/\/elviramodestconcept.com\/wp-content\/uploads\/2025\/04\/elvira-modest-fashion-black-logo.png\",\"contentUrl\":\"https:\/\/elviramodestconcept.com\/wp-content\/uploads\/2025\/04\/elvira-modest-fashion-black-logo.png\",\"width\":602,\"height\":510,\"caption\":\"Elvira Modest Fashion\"},\"image\":{\"@id\":\"https:\/\/elviramodestconcept.com\/en\/#\/schema\/logo\/image\/\"},\"sameAs\":[\"https:\/\/www.instagram.com\/elvira.modestconcept\/\"]}]}<\/script>\n<!-- \/ Yoast SEO plugin. -->","yoast_head_json":{"title":"PON\u010cO OD VUNE U KARIRANOM DEZENU - Elvira Modest Fashion","robots":{"index":"index","follow":"follow","max-snippet":"max-snippet:-1","max-image-preview":"max-image-preview:large","max-video-preview":"max-video-preview:-1"},"canonical":"https:\/\/elviramodestconcept.com\/en\/product\/ponco-od-vune-u-kariranom-dezenu\/","og_locale":"en_US","og_type":"article","og_title":"PON\u010cO OD VUNE U KARIRANOM DEZENU - Elvira Modest Fashion","og_description":"Topao, mekan i besprekorno elegantan \u2014 ovaj pon\u010do spaja klasiku i udobnost u jednom komadu. Oversized kroj i kai\u0161 u","og_url":"https:\/\/elviramodestconcept.com\/en\/product\/ponco-od-vune-u-kariranom-dezenu\/","og_site_name":"Elvira Modest Fashion","article_modified_time":"2025-11-04T16:42:00+00:00","og_image":[{"width":1707,"height":2560,"url":"https:\/\/elviramodestconcept.com\/wp-content\/uploads\/2025\/11\/c2bf2d1b-ea16-4faa-b484-a0c5f334c94e-scaled.jpeg","type":"image\/jpeg"}],"twitter_card":"summary_large_image","schema":{"@context":"https:\/\/schema.org","@graph":[{"@type":"WebPage","@id":"https:\/\/elviramodestconcept.com\/en\/product\/ponco-od-vune-u-kariranom-dezenu\/","url":"https:\/\/elviramodestconcept.com\/en\/product\/ponco-od-vune-u-kariranom-dezenu\/","name":"PON\u010cO OD VUNE U KARIRANOM DEZENU - Elvira Modest Fashion","isPartOf":{"@id":"https:\/\/elviramodestconcept.com\/en\/#website"},"primaryImageOfPage":{"@id":"https:\/\/elviramodestconcept.com\/en\/product\/ponco-od-vune-u-kariranom-dezenu\/#primaryimage"},"image":{"@id":"https:\/\/elviramodestconcept.com\/en\/product\/ponco-od-vune-u-kariranom-dezenu\/#primaryimage"},"thumbnailUrl":"https:\/\/elviramodestconcept.com\/wp-content\/uploads\/2025\/11\/c2bf2d1b-ea16-4faa-b484-a0c5f334c94e-scaled.jpeg","datePublished":"2025-11-04T16:40:39+00:00","dateModified":"2025-11-04T16:42:00+00:00","breadcrumb":{"@id":"https:\/\/elviramodestconcept.com\/en\/product\/ponco-od-vune-u-kariranom-dezenu\/#breadcrumb"},"inLanguage":"en-US","potentialAction":[{"@type":"ReadAction","target":["https:\/\/elviramodestconcept.com\/en\/product\/ponco-od-vune-u-kariranom-dezenu\/"]}]},{"@type":"ImageObject","inLanguage":"en-US","@id":"https:\/\/elviramodestconcept.com\/en\/product\/ponco-od-vune-u-kariranom-dezenu\/#primaryimage","url":"https:\/\/elviramodestconcept.com\/wp-content\/uploads\/2025\/11\/c2bf2d1b-ea16-4faa-b484-a0c5f334c94e-scaled.jpeg","contentUrl":"https:\/\/elviramodestconcept.com\/wp-content\/uploads\/2025\/11\/c2bf2d1b-ea16-4faa-b484-a0c5f334c94e-scaled.jpeg","width":1707,"height":2560},{"@type":"BreadcrumbList","@id":"https:\/\/elviramodestconcept.com\/en\/product\/ponco-od-vune-u-kariranom-dezenu\/#breadcrumb","itemListElement":[{"@type":"ListItem","position":1,"name":"Home","item":"https:\/\/elviramodestconcept.com\/en\/"},{"@type":"ListItem","position":2,"name":"Shop","item":"https:\/\/elviramodestconcept.com\/en\/shop\/"},{"@type":"ListItem","position":3,"name":"PON\u010cO OD VUNE U KARIRANOM DEZENU"}]},{"@type":"WebSite","@id":"https:\/\/elviramodestconcept.com\/en\/#website","url":"https:\/\/elviramodestconcept.com\/en\/","name":"Elvira Modest Fashion","description":"","publisher":{"@id":"https:\/\/elviramodestconcept.com\/en\/#organization"},"potentialAction":[{"@type":"SearchAction","target":{"@type":"EntryPoint","urlTemplate":"https:\/\/elviramodestconcept.com\/en\/?s={search_term_string}"},"query-input":{"@type":"PropertyValueSpecification","valueRequired":true,"valueName":"search_term_string"}}],"inLanguage":"en-US"},{"@type":"Organization","@id":"https:\/\/elviramodestconcept.com\/en\/#organization","name":"Elvira Modest Fashion","url":"https:\/\/elviramodestconcept.com\/en\/","logo":{"@type":"ImageObject","inLanguage":"en-US","@id":"https:\/\/elviramodestconcept.com\/en\/#\/schema\/logo\/image\/","url":"https:\/\/elviramodestconcept.com\/wp-content\/uploads\/2025\/04\/elvira-modest-fashion-black-logo.png","contentUrl":"https:\/\/elviramodestconcept.com\/wp-content\/uploads\/2025\/04\/elvira-modest-fashion-black-logo.png","width":602,"height":510,"caption":"Elvira Modest Fashion"},"image":{"@id":"https:\/\/elviramodestconcept.com\/en\/#\/schema\/logo\/image\/"},"sameAs":["https:\/\/www.instagram.com\/elvira.modestconcept\/"]}]}},"_links":{"self":[{"href":"https:\/\/elviramodestconcept.com\/en\/wp-json\/wp\/v2\/product\/19649","targetHints":{"allow":["GET"]}}],"collection":[{"href":"https:\/\/elviramodestconcept.com\/en\/wp-json\/wp\/v2\/product"}],"about":[{"href":"https:\/\/elviramodestconcept.com\/en\/wp-json\/wp\/v2\/types\/product"}],"version-history":[{"count":1,"href":"https:\/\/elviramodestconcept.com\/en\/wp-json\/wp\/v2\/product\/19649\/revisions"}],"predecessor-version":[{"id":19655,"href":"https:\/\/elviramodestconcept.com\/en\/wp-json\/wp\/v2\/product\/19649\/revisions\/19655"}],"wp:featuredmedia":[{"embeddable":true,"href":"https:\/\/elviramodestconcept.com\/en\/wp-json\/wp\/v2\/media\/19640"}],"wp:attachment":[{"href":"https:\/\/elviramodestconcept.com\/en\/wp-json\/wp\/v2\/media?parent=19649"}],"wp:term":[{"taxonomy":"product_brand","embeddable":true,"href":"https:\/\/elviramodestconcept.com\/en\/wp-json\/wp\/v2\/product_brand?post=19649"},{"taxonomy":"product_cat","embeddable":true,"href":"https:\/\/elviramodestconcept.com\/en\/wp-json\/wp\/v2\/product_cat?post=19649"},{"taxonomy":"product_tag","embeddable":true,"href":"https:\/\/elviramodestconcept.com\/en\/wp-json\/wp\/v2\/product_tag?post=19649"}],"curies":[{"name":"wp","href":"https:\/\/api.w.org\/{rel}","templated":true}]}}