{"id":19900,"date":"2026-02-08T00:01:14","date_gmt":"2026-02-08T00:01:14","guid":{"rendered":"https:\/\/elviramodestconcept.com\/?post_type=product&#038;p=19900"},"modified":"2026-02-08T00:02:48","modified_gmt":"2026-02-08T00:02:48","slug":"duks-i-suknja-od-mekog-materijala","status":"publish","type":"product","link":"https:\/\/elviramodestconcept.com\/de\/product\/duks-i-suknja-od-mekog-materijala\/","title":{"rendered":"Duks i suknja od mekog materijala"},"content":{"rendered":"<p>Materijal koji je odu\u0161evio sve vra\u0107amo ponovo \u2014 ali sada u ne\u0161to druga\u010dijem modelu. Ovaj komplet dolazi sa gornjim delom u formi duksa i suknjom, pru\u017eaju\u0107i jo\u0161 le\u017eerniji i moderniji izgled u odnosu na prethodni model.<\/p>\n","protected":false},"excerpt":{"rendered":"<p>Materijal koji je odu\u0161evio sve vra\u0107amo ponovo \u2014 ali sada u ne\u0161to druga\u010dijem modelu. Ovaj komplet dolazi sa gornjim delom<\/p>\n","protected":false},"featured_media":19891,"template":"","meta":[],"product_brand":[],"product_cat":[76],"product_tag":[],"class_list":{"0":"post-19900","1":"product","2":"type-product","3":"status-publish","4":"has-post-thumbnail","6":"product_cat-kompleti","8":"first","9":"instock","10":"shipping-taxable","11":"purchasable","12":"product-type-variable"},"yoast_head":"<!-- This site is optimized with the Yoast SEO plugin v25.8 - https:\/\/yoast.com\/wordpress\/plugins\/seo\/ -->\n<title>Duks i suknja od mekog materijala - Elvira Modest Fashion<\/title>\n<meta name=\"robots\" content=\"index, follow, max-snippet:-1, max-image-preview:large, max-video-preview:-1\" \/>\n<link rel=\"canonical\" href=\"https:\/\/elviramodestconcept.com\/de\/product\/duks-i-suknja-od-mekog-materijala\/\" \/>\n<meta property=\"og:locale\" content=\"de_DE\" \/>\n<meta property=\"og:type\" content=\"article\" \/>\n<meta property=\"og:title\" content=\"Duks i suknja od mekog materijala - Elvira Modest Fashion\" \/>\n<meta property=\"og:description\" content=\"Materijal koji je odu\u0161evio sve vra\u0107amo ponovo \u2014 ali sada u ne\u0161to druga\u010dijem modelu. Ovaj komplet dolazi sa gornjim delom\" \/>\n<meta property=\"og:url\" content=\"https:\/\/elviramodestconcept.com\/de\/product\/duks-i-suknja-od-mekog-materijala\/\" \/>\n<meta property=\"og:site_name\" content=\"Elvira Modest Fashion\" \/>\n<meta property=\"article:modified_time\" content=\"2026-02-08T00:02:48+00:00\" \/>\n<meta property=\"og:image\" content=\"https:\/\/elviramodestconcept.com\/wp-content\/uploads\/2026\/02\/aadcf0e1-30ca-4b03-a60d-f3d8bb3acedf.jpeg\" \/>\n\t<meta property=\"og:image:width\" content=\"1440\" \/>\n\t<meta property=\"og:image:height\" content=\"1694\" \/>\n\t<meta property=\"og:image:type\" content=\"image\/jpeg\" \/>\n<meta name=\"twitter:card\" content=\"summary_large_image\" \/>\n<script type=\"application\/ld+json\" class=\"yoast-schema-graph\">{\"@context\":\"https:\/\/schema.org\",\"@graph\":[{\"@type\":\"WebPage\",\"@id\":\"https:\/\/elviramodestconcept.com\/de\/product\/duks-i-suknja-od-mekog-materijala\/\",\"url\":\"https:\/\/elviramodestconcept.com\/de\/product\/duks-i-suknja-od-mekog-materijala\/\",\"name\":\"Duks i suknja od mekog materijala - Elvira Modest Fashion\",\"isPartOf\":{\"@id\":\"https:\/\/elviramodestconcept.com\/de\/#website\"},\"primaryImageOfPage\":{\"@id\":\"https:\/\/elviramodestconcept.com\/de\/product\/duks-i-suknja-od-mekog-materijala\/#primaryimage\"},\"image\":{\"@id\":\"https:\/\/elviramodestconcept.com\/de\/product\/duks-i-suknja-od-mekog-materijala\/#primaryimage\"},\"thumbnailUrl\":\"https:\/\/elviramodestconcept.com\/wp-content\/uploads\/2026\/02\/aadcf0e1-30ca-4b03-a60d-f3d8bb3acedf.jpeg\",\"datePublished\":\"2026-02-08T00:01:14+00:00\",\"dateModified\":\"2026-02-08T00:02:48+00:00\",\"breadcrumb\":{\"@id\":\"https:\/\/elviramodestconcept.com\/de\/product\/duks-i-suknja-od-mekog-materijala\/#breadcrumb\"},\"inLanguage\":\"de\",\"potentialAction\":[{\"@type\":\"ReadAction\",\"target\":[\"https:\/\/elviramodestconcept.com\/de\/product\/duks-i-suknja-od-mekog-materijala\/\"]}]},{\"@type\":\"ImageObject\",\"inLanguage\":\"de\",\"@id\":\"https:\/\/elviramodestconcept.com\/de\/product\/duks-i-suknja-od-mekog-materijala\/#primaryimage\",\"url\":\"https:\/\/elviramodestconcept.com\/wp-content\/uploads\/2026\/02\/aadcf0e1-30ca-4b03-a60d-f3d8bb3acedf.jpeg\",\"contentUrl\":\"https:\/\/elviramodestconcept.com\/wp-content\/uploads\/2026\/02\/aadcf0e1-30ca-4b03-a60d-f3d8bb3acedf.jpeg\",\"width\":1440,\"height\":1694},{\"@type\":\"BreadcrumbList\",\"@id\":\"https:\/\/elviramodestconcept.com\/de\/product\/duks-i-suknja-od-mekog-materijala\/#breadcrumb\",\"itemListElement\":[{\"@type\":\"ListItem\",\"position\":1,\"name\":\"Home\",\"item\":\"https:\/\/elviramodestconcept.com\/de\/\"},{\"@type\":\"ListItem\",\"position\":2,\"name\":\"Shop\",\"item\":\"https:\/\/elviramodestconcept.com\/de\/shop\/\"},{\"@type\":\"ListItem\",\"position\":3,\"name\":\"Duks i suknja od mekog materijala\"}]},{\"@type\":\"WebSite\",\"@id\":\"https:\/\/elviramodestconcept.com\/de\/#website\",\"url\":\"https:\/\/elviramodestconcept.com\/de\/\",\"name\":\"Elvira Modest Fashion\",\"description\":\"\",\"publisher\":{\"@id\":\"https:\/\/elviramodestconcept.com\/de\/#organization\"},\"potentialAction\":[{\"@type\":\"SearchAction\",\"target\":{\"@type\":\"EntryPoint\",\"urlTemplate\":\"https:\/\/elviramodestconcept.com\/de\/?s={search_term_string}\"},\"query-input\":{\"@type\":\"PropertyValueSpecification\",\"valueRequired\":true,\"valueName\":\"search_term_string\"}}],\"inLanguage\":\"de\"},{\"@type\":\"Organization\",\"@id\":\"https:\/\/elviramodestconcept.com\/de\/#organization\",\"name\":\"Elvira Modest Mode\",\"url\":\"https:\/\/elviramodestconcept.com\/de\/\",\"logo\":{\"@type\":\"ImageObject\",\"inLanguage\":\"de\",\"@id\":\"https:\/\/elviramodestconcept.com\/de\/#\/schema\/logo\/image\/\",\"url\":\"https:\/\/elviramodestconcept.com\/wp-content\/uploads\/2025\/04\/elvira-modest-fashion-black-logo.png\",\"contentUrl\":\"https:\/\/elviramodestconcept.com\/wp-content\/uploads\/2025\/04\/elvira-modest-fashion-black-logo.png\",\"width\":602,\"height\":510,\"caption\":\"Elvira Modest Mode\"},\"image\":{\"@id\":\"https:\/\/elviramodestconcept.com\/de\/#\/schema\/logo\/image\/\"},\"sameAs\":[\"https:\/\/www.instagram.com\/elvira.modestconcept\/\"]}]}<\/script>\n<!-- \/ Yoast SEO plugin. -->","yoast_head_json":{"title":"Duks i suknja od mekog materijala - Elvira Modest Fashion","robots":{"index":"index","follow":"follow","max-snippet":"max-snippet:-1","max-image-preview":"max-image-preview:large","max-video-preview":"max-video-preview:-1"},"canonical":"https:\/\/elviramodestconcept.com\/de\/product\/duks-i-suknja-od-mekog-materijala\/","og_locale":"de_DE","og_type":"article","og_title":"Duks i suknja od mekog materijala - Elvira Modest Fashion","og_description":"Materijal koji je odu\u0161evio sve vra\u0107amo ponovo \u2014 ali sada u ne\u0161to druga\u010dijem modelu. Ovaj komplet dolazi sa gornjim delom","og_url":"https:\/\/elviramodestconcept.com\/de\/product\/duks-i-suknja-od-mekog-materijala\/","og_site_name":"Elvira Modest Fashion","article_modified_time":"2026-02-08T00:02:48+00:00","og_image":[{"width":1440,"height":1694,"url":"https:\/\/elviramodestconcept.com\/wp-content\/uploads\/2026\/02\/aadcf0e1-30ca-4b03-a60d-f3d8bb3acedf.jpeg","type":"image\/jpeg"}],"twitter_card":"summary_large_image","schema":{"@context":"https:\/\/schema.org","@graph":[{"@type":"WebPage","@id":"https:\/\/elviramodestconcept.com\/de\/product\/duks-i-suknja-od-mekog-materijala\/","url":"https:\/\/elviramodestconcept.com\/de\/product\/duks-i-suknja-od-mekog-materijala\/","name":"Duks i suknja od mekog materijala - Elvira Modest Fashion","isPartOf":{"@id":"https:\/\/elviramodestconcept.com\/de\/#website"},"primaryImageOfPage":{"@id":"https:\/\/elviramodestconcept.com\/de\/product\/duks-i-suknja-od-mekog-materijala\/#primaryimage"},"image":{"@id":"https:\/\/elviramodestconcept.com\/de\/product\/duks-i-suknja-od-mekog-materijala\/#primaryimage"},"thumbnailUrl":"https:\/\/elviramodestconcept.com\/wp-content\/uploads\/2026\/02\/aadcf0e1-30ca-4b03-a60d-f3d8bb3acedf.jpeg","datePublished":"2026-02-08T00:01:14+00:00","dateModified":"2026-02-08T00:02:48+00:00","breadcrumb":{"@id":"https:\/\/elviramodestconcept.com\/de\/product\/duks-i-suknja-od-mekog-materijala\/#breadcrumb"},"inLanguage":"de","potentialAction":[{"@type":"ReadAction","target":["https:\/\/elviramodestconcept.com\/de\/product\/duks-i-suknja-od-mekog-materijala\/"]}]},{"@type":"ImageObject","inLanguage":"de","@id":"https:\/\/elviramodestconcept.com\/de\/product\/duks-i-suknja-od-mekog-materijala\/#primaryimage","url":"https:\/\/elviramodestconcept.com\/wp-content\/uploads\/2026\/02\/aadcf0e1-30ca-4b03-a60d-f3d8bb3acedf.jpeg","contentUrl":"https:\/\/elviramodestconcept.com\/wp-content\/uploads\/2026\/02\/aadcf0e1-30ca-4b03-a60d-f3d8bb3acedf.jpeg","width":1440,"height":1694},{"@type":"BreadcrumbList","@id":"https:\/\/elviramodestconcept.com\/de\/product\/duks-i-suknja-od-mekog-materijala\/#breadcrumb","itemListElement":[{"@type":"ListItem","position":1,"name":"Home","item":"https:\/\/elviramodestconcept.com\/de\/"},{"@type":"ListItem","position":2,"name":"Shop","item":"https:\/\/elviramodestconcept.com\/de\/shop\/"},{"@type":"ListItem","position":3,"name":"Duks i suknja od mekog materijala"}]},{"@type":"WebSite","@id":"https:\/\/elviramodestconcept.com\/de\/#website","url":"https:\/\/elviramodestconcept.com\/de\/","name":"Elvira Modest Fashion","description":"","publisher":{"@id":"https:\/\/elviramodestconcept.com\/de\/#organization"},"potentialAction":[{"@type":"SearchAction","target":{"@type":"EntryPoint","urlTemplate":"https:\/\/elviramodestconcept.com\/de\/?s={search_term_string}"},"query-input":{"@type":"PropertyValueSpecification","valueRequired":true,"valueName":"search_term_string"}}],"inLanguage":"de"},{"@type":"Organization","@id":"https:\/\/elviramodestconcept.com\/de\/#organization","name":"Elvira Modest Mode","url":"https:\/\/elviramodestconcept.com\/de\/","logo":{"@type":"ImageObject","inLanguage":"de","@id":"https:\/\/elviramodestconcept.com\/de\/#\/schema\/logo\/image\/","url":"https:\/\/elviramodestconcept.com\/wp-content\/uploads\/2025\/04\/elvira-modest-fashion-black-logo.png","contentUrl":"https:\/\/elviramodestconcept.com\/wp-content\/uploads\/2025\/04\/elvira-modest-fashion-black-logo.png","width":602,"height":510,"caption":"Elvira Modest Mode"},"image":{"@id":"https:\/\/elviramodestconcept.com\/de\/#\/schema\/logo\/image\/"},"sameAs":["https:\/\/www.instagram.com\/elvira.modestconcept\/"]}]}},"_links":{"self":[{"href":"https:\/\/elviramodestconcept.com\/de\/wp-json\/wp\/v2\/product\/19900","targetHints":{"allow":["GET"]}}],"collection":[{"href":"https:\/\/elviramodestconcept.com\/de\/wp-json\/wp\/v2\/product"}],"about":[{"href":"https:\/\/elviramodestconcept.com\/de\/wp-json\/wp\/v2\/types\/product"}],"version-history":[{"count":1,"href":"https:\/\/elviramodestconcept.com\/de\/wp-json\/wp\/v2\/product\/19900\/revisions"}],"predecessor-version":[{"id":19906,"href":"https:\/\/elviramodestconcept.com\/de\/wp-json\/wp\/v2\/product\/19900\/revisions\/19906"}],"wp:featuredmedia":[{"embeddable":true,"href":"https:\/\/elviramodestconcept.com\/de\/wp-json\/wp\/v2\/media\/19891"}],"wp:attachment":[{"href":"https:\/\/elviramodestconcept.com\/de\/wp-json\/wp\/v2\/media?parent=19900"}],"wp:term":[{"taxonomy":"product_brand","embeddable":true,"href":"https:\/\/elviramodestconcept.com\/de\/wp-json\/wp\/v2\/product_brand?post=19900"},{"taxonomy":"product_cat","embeddable":true,"href":"https:\/\/elviramodestconcept.com\/de\/wp-json\/wp\/v2\/product_cat?post=19900"},{"taxonomy":"product_tag","embeddable":true,"href":"https:\/\/elviramodestconcept.com\/de\/wp-json\/wp\/v2\/product_tag?post=19900"}],"curies":[{"name":"wp","href":"https:\/\/api.w.org\/{rel}","templated":true}]}}