{"id":19845,"date":"2025-11-27T13:25:40","date_gmt":"2025-11-27T13:25:40","guid":{"rendered":"https:\/\/elviramodestconcept.com\/product\/bela-pletena-jaknica-sa-diskretnim-sjajem-i-crnim-masnama\/"},"modified":"2025-11-27T13:27:32","modified_gmt":"2025-11-27T13:27:32","slug":"bela-pletena-jaknica-sa-diskretnim-sjajem-i-crnim-masnama","status":"publish","type":"product","link":"https:\/\/elviramodestconcept.com\/de\/product\/bela-pletena-jaknica-sa-diskretnim-sjajem-i-crnim-masnama\/","title":{"rendered":"Bela pletena jaknica sa diskretnim sjajem i crnim ma\u0161nama"},"content":{"rendered":"<p>Pletena jaknica u krem tonovima, izra\u0111ena od mekanog materijala sa finim, sitnim sjajem. Prednji deo je ukra\u0161en sa tri ru\u010dno vezane satenske ma\u0161ne u crnoj boji koje stvaraju jasan, grafi\u010dki kontrast. Kroj je opu\u0161ten, rukavi blago \u0161iri, a model je idealan za kombinovanje preko ko\u0161ulja, rolki i jednostavnih haljina.<\/p>\n","protected":false},"excerpt":{"rendered":"<p>Pletena jaknica u krem tonovima, izra\u0111ena od mekanog materijala sa finim, sitnim sjajem. Prednji deo je ukra\u0161en sa tri ru\u010dno<\/p>\n","protected":false},"featured_media":19838,"template":"","meta":[],"product_brand":[],"product_cat":[193],"product_tag":[],"class_list":{"0":"post-19845","1":"product","2":"type-product","3":"status-publish","4":"has-post-thumbnail","6":"product_cat-jaknice","8":"first","9":"instock","10":"shipping-taxable","11":"purchasable","12":"product-type-variable"},"yoast_head":"<!-- This site is optimized with the Yoast SEO plugin v25.8 - https:\/\/yoast.com\/wordpress\/plugins\/seo\/ -->\n<title>Bela pletena jaknica sa diskretnim sjajem i crnim ma\u0161nama - Elvira Modest Fashion<\/title>\n<meta name=\"robots\" content=\"index, follow, max-snippet:-1, max-image-preview:large, max-video-preview:-1\" \/>\n<link rel=\"canonical\" href=\"https:\/\/elviramodestconcept.com\/de\/product\/bela-pletena-jaknica-sa-diskretnim-sjajem-i-crnim-masnama\/\" \/>\n<meta property=\"og:locale\" content=\"de_DE\" \/>\n<meta property=\"og:type\" content=\"article\" \/>\n<meta property=\"og:title\" content=\"Bela pletena jaknica sa diskretnim sjajem i crnim ma\u0161nama - Elvira Modest Fashion\" \/>\n<meta property=\"og:description\" content=\"Pletena jaknica u krem tonovima, izra\u0111ena od mekanog materijala sa finim, sitnim sjajem. Prednji deo je ukra\u0161en sa tri ru\u010dno\" \/>\n<meta property=\"og:url\" content=\"https:\/\/elviramodestconcept.com\/de\/product\/bela-pletena-jaknica-sa-diskretnim-sjajem-i-crnim-masnama\/\" \/>\n<meta property=\"og:site_name\" content=\"Elvira Modest Fashion\" \/>\n<meta property=\"article:modified_time\" content=\"2025-11-27T13:27:32+00:00\" \/>\n<meta property=\"og:image\" content=\"https:\/\/elviramodestconcept.com\/wp-content\/uploads\/2025\/11\/0ab7407e-6eb7-48e0-be0b-7f9c5ece71b8-scaled.jpeg\" \/>\n\t<meta property=\"og:image:width\" content=\"1707\" \/>\n\t<meta property=\"og:image:height\" content=\"2560\" \/>\n\t<meta property=\"og:image:type\" content=\"image\/jpeg\" \/>\n<meta name=\"twitter:card\" content=\"summary_large_image\" \/>\n<script type=\"application\/ld+json\" class=\"yoast-schema-graph\">{\"@context\":\"https:\/\/schema.org\",\"@graph\":[{\"@type\":\"WebPage\",\"@id\":\"https:\/\/elviramodestconcept.com\/de\/product\/bela-pletena-jaknica-sa-diskretnim-sjajem-i-crnim-masnama\/\",\"url\":\"https:\/\/elviramodestconcept.com\/de\/product\/bela-pletena-jaknica-sa-diskretnim-sjajem-i-crnim-masnama\/\",\"name\":\"Bela pletena jaknica sa diskretnim sjajem i crnim ma\u0161nama - Elvira Modest Fashion\",\"isPartOf\":{\"@id\":\"https:\/\/elviramodestconcept.com\/de\/#website\"},\"primaryImageOfPage\":{\"@id\":\"https:\/\/elviramodestconcept.com\/de\/product\/bela-pletena-jaknica-sa-diskretnim-sjajem-i-crnim-masnama\/#primaryimage\"},\"image\":{\"@id\":\"https:\/\/elviramodestconcept.com\/de\/product\/bela-pletena-jaknica-sa-diskretnim-sjajem-i-crnim-masnama\/#primaryimage\"},\"thumbnailUrl\":\"https:\/\/elviramodestconcept.com\/wp-content\/uploads\/2025\/11\/0ab7407e-6eb7-48e0-be0b-7f9c5ece71b8-scaled.jpeg\",\"datePublished\":\"2025-11-27T13:25:40+00:00\",\"dateModified\":\"2025-11-27T13:27:32+00:00\",\"breadcrumb\":{\"@id\":\"https:\/\/elviramodestconcept.com\/de\/product\/bela-pletena-jaknica-sa-diskretnim-sjajem-i-crnim-masnama\/#breadcrumb\"},\"inLanguage\":\"de\",\"potentialAction\":[{\"@type\":\"ReadAction\",\"target\":[\"https:\/\/elviramodestconcept.com\/de\/product\/bela-pletena-jaknica-sa-diskretnim-sjajem-i-crnim-masnama\/\"]}]},{\"@type\":\"ImageObject\",\"inLanguage\":\"de\",\"@id\":\"https:\/\/elviramodestconcept.com\/de\/product\/bela-pletena-jaknica-sa-diskretnim-sjajem-i-crnim-masnama\/#primaryimage\",\"url\":\"https:\/\/elviramodestconcept.com\/wp-content\/uploads\/2025\/11\/0ab7407e-6eb7-48e0-be0b-7f9c5ece71b8-scaled.jpeg\",\"contentUrl\":\"https:\/\/elviramodestconcept.com\/wp-content\/uploads\/2025\/11\/0ab7407e-6eb7-48e0-be0b-7f9c5ece71b8-scaled.jpeg\",\"width\":1707,\"height\":2560},{\"@type\":\"BreadcrumbList\",\"@id\":\"https:\/\/elviramodestconcept.com\/de\/product\/bela-pletena-jaknica-sa-diskretnim-sjajem-i-crnim-masnama\/#breadcrumb\",\"itemListElement\":[{\"@type\":\"ListItem\",\"position\":1,\"name\":\"Home\",\"item\":\"https:\/\/elviramodestconcept.com\/de\/\"},{\"@type\":\"ListItem\",\"position\":2,\"name\":\"Shop\",\"item\":\"https:\/\/elviramodestconcept.com\/de\/shop\/\"},{\"@type\":\"ListItem\",\"position\":3,\"name\":\"Bela pletena jaknica sa diskretnim sjajem i crnim ma\u0161nama\"}]},{\"@type\":\"WebSite\",\"@id\":\"https:\/\/elviramodestconcept.com\/de\/#website\",\"url\":\"https:\/\/elviramodestconcept.com\/de\/\",\"name\":\"Elvira Modest Fashion\",\"description\":\"\",\"publisher\":{\"@id\":\"https:\/\/elviramodestconcept.com\/de\/#organization\"},\"potentialAction\":[{\"@type\":\"SearchAction\",\"target\":{\"@type\":\"EntryPoint\",\"urlTemplate\":\"https:\/\/elviramodestconcept.com\/de\/?s={search_term_string}\"},\"query-input\":{\"@type\":\"PropertyValueSpecification\",\"valueRequired\":true,\"valueName\":\"search_term_string\"}}],\"inLanguage\":\"de\"},{\"@type\":\"Organization\",\"@id\":\"https:\/\/elviramodestconcept.com\/de\/#organization\",\"name\":\"Elvira Modest Mode\",\"url\":\"https:\/\/elviramodestconcept.com\/de\/\",\"logo\":{\"@type\":\"ImageObject\",\"inLanguage\":\"de\",\"@id\":\"https:\/\/elviramodestconcept.com\/de\/#\/schema\/logo\/image\/\",\"url\":\"https:\/\/elviramodestconcept.com\/wp-content\/uploads\/2025\/04\/elvira-modest-fashion-black-logo.png\",\"contentUrl\":\"https:\/\/elviramodestconcept.com\/wp-content\/uploads\/2025\/04\/elvira-modest-fashion-black-logo.png\",\"width\":602,\"height\":510,\"caption\":\"Elvira Modest Mode\"},\"image\":{\"@id\":\"https:\/\/elviramodestconcept.com\/de\/#\/schema\/logo\/image\/\"},\"sameAs\":[\"https:\/\/www.instagram.com\/elvira.modestconcept\/\"]}]}<\/script>\n<!-- \/ Yoast SEO plugin. -->","yoast_head_json":{"title":"Bela pletena jaknica sa diskretnim sjajem i crnim ma\u0161nama - Elvira Modest Fashion","robots":{"index":"index","follow":"follow","max-snippet":"max-snippet:-1","max-image-preview":"max-image-preview:large","max-video-preview":"max-video-preview:-1"},"canonical":"https:\/\/elviramodestconcept.com\/de\/product\/bela-pletena-jaknica-sa-diskretnim-sjajem-i-crnim-masnama\/","og_locale":"de_DE","og_type":"article","og_title":"Bela pletena jaknica sa diskretnim sjajem i crnim ma\u0161nama - Elvira Modest Fashion","og_description":"Pletena jaknica u krem tonovima, izra\u0111ena od mekanog materijala sa finim, sitnim sjajem. Prednji deo je ukra\u0161en sa tri ru\u010dno","og_url":"https:\/\/elviramodestconcept.com\/de\/product\/bela-pletena-jaknica-sa-diskretnim-sjajem-i-crnim-masnama\/","og_site_name":"Elvira Modest Fashion","article_modified_time":"2025-11-27T13:27:32+00:00","og_image":[{"width":1707,"height":2560,"url":"https:\/\/elviramodestconcept.com\/wp-content\/uploads\/2025\/11\/0ab7407e-6eb7-48e0-be0b-7f9c5ece71b8-scaled.jpeg","type":"image\/jpeg"}],"twitter_card":"summary_large_image","schema":{"@context":"https:\/\/schema.org","@graph":[{"@type":"WebPage","@id":"https:\/\/elviramodestconcept.com\/de\/product\/bela-pletena-jaknica-sa-diskretnim-sjajem-i-crnim-masnama\/","url":"https:\/\/elviramodestconcept.com\/de\/product\/bela-pletena-jaknica-sa-diskretnim-sjajem-i-crnim-masnama\/","name":"Bela pletena jaknica sa diskretnim sjajem i crnim ma\u0161nama - Elvira Modest Fashion","isPartOf":{"@id":"https:\/\/elviramodestconcept.com\/de\/#website"},"primaryImageOfPage":{"@id":"https:\/\/elviramodestconcept.com\/de\/product\/bela-pletena-jaknica-sa-diskretnim-sjajem-i-crnim-masnama\/#primaryimage"},"image":{"@id":"https:\/\/elviramodestconcept.com\/de\/product\/bela-pletena-jaknica-sa-diskretnim-sjajem-i-crnim-masnama\/#primaryimage"},"thumbnailUrl":"https:\/\/elviramodestconcept.com\/wp-content\/uploads\/2025\/11\/0ab7407e-6eb7-48e0-be0b-7f9c5ece71b8-scaled.jpeg","datePublished":"2025-11-27T13:25:40+00:00","dateModified":"2025-11-27T13:27:32+00:00","breadcrumb":{"@id":"https:\/\/elviramodestconcept.com\/de\/product\/bela-pletena-jaknica-sa-diskretnim-sjajem-i-crnim-masnama\/#breadcrumb"},"inLanguage":"de","potentialAction":[{"@type":"ReadAction","target":["https:\/\/elviramodestconcept.com\/de\/product\/bela-pletena-jaknica-sa-diskretnim-sjajem-i-crnim-masnama\/"]}]},{"@type":"ImageObject","inLanguage":"de","@id":"https:\/\/elviramodestconcept.com\/de\/product\/bela-pletena-jaknica-sa-diskretnim-sjajem-i-crnim-masnama\/#primaryimage","url":"https:\/\/elviramodestconcept.com\/wp-content\/uploads\/2025\/11\/0ab7407e-6eb7-48e0-be0b-7f9c5ece71b8-scaled.jpeg","contentUrl":"https:\/\/elviramodestconcept.com\/wp-content\/uploads\/2025\/11\/0ab7407e-6eb7-48e0-be0b-7f9c5ece71b8-scaled.jpeg","width":1707,"height":2560},{"@type":"BreadcrumbList","@id":"https:\/\/elviramodestconcept.com\/de\/product\/bela-pletena-jaknica-sa-diskretnim-sjajem-i-crnim-masnama\/#breadcrumb","itemListElement":[{"@type":"ListItem","position":1,"name":"Home","item":"https:\/\/elviramodestconcept.com\/de\/"},{"@type":"ListItem","position":2,"name":"Shop","item":"https:\/\/elviramodestconcept.com\/de\/shop\/"},{"@type":"ListItem","position":3,"name":"Bela pletena jaknica sa diskretnim sjajem i crnim ma\u0161nama"}]},{"@type":"WebSite","@id":"https:\/\/elviramodestconcept.com\/de\/#website","url":"https:\/\/elviramodestconcept.com\/de\/","name":"Elvira Modest Fashion","description":"","publisher":{"@id":"https:\/\/elviramodestconcept.com\/de\/#organization"},"potentialAction":[{"@type":"SearchAction","target":{"@type":"EntryPoint","urlTemplate":"https:\/\/elviramodestconcept.com\/de\/?s={search_term_string}"},"query-input":{"@type":"PropertyValueSpecification","valueRequired":true,"valueName":"search_term_string"}}],"inLanguage":"de"},{"@type":"Organization","@id":"https:\/\/elviramodestconcept.com\/de\/#organization","name":"Elvira Modest Mode","url":"https:\/\/elviramodestconcept.com\/de\/","logo":{"@type":"ImageObject","inLanguage":"de","@id":"https:\/\/elviramodestconcept.com\/de\/#\/schema\/logo\/image\/","url":"https:\/\/elviramodestconcept.com\/wp-content\/uploads\/2025\/04\/elvira-modest-fashion-black-logo.png","contentUrl":"https:\/\/elviramodestconcept.com\/wp-content\/uploads\/2025\/04\/elvira-modest-fashion-black-logo.png","width":602,"height":510,"caption":"Elvira Modest Mode"},"image":{"@id":"https:\/\/elviramodestconcept.com\/de\/#\/schema\/logo\/image\/"},"sameAs":["https:\/\/www.instagram.com\/elvira.modestconcept\/"]}]}},"_links":{"self":[{"href":"https:\/\/elviramodestconcept.com\/de\/wp-json\/wp\/v2\/product\/19845","targetHints":{"allow":["GET"]}}],"collection":[{"href":"https:\/\/elviramodestconcept.com\/de\/wp-json\/wp\/v2\/product"}],"about":[{"href":"https:\/\/elviramodestconcept.com\/de\/wp-json\/wp\/v2\/types\/product"}],"version-history":[{"count":0,"href":"https:\/\/elviramodestconcept.com\/de\/wp-json\/wp\/v2\/product\/19845\/revisions"}],"wp:featuredmedia":[{"embeddable":true,"href":"https:\/\/elviramodestconcept.com\/de\/wp-json\/wp\/v2\/media\/19838"}],"wp:attachment":[{"href":"https:\/\/elviramodestconcept.com\/de\/wp-json\/wp\/v2\/media?parent=19845"}],"wp:term":[{"taxonomy":"product_brand","embeddable":true,"href":"https:\/\/elviramodestconcept.com\/de\/wp-json\/wp\/v2\/product_brand?post=19845"},{"taxonomy":"product_cat","embeddable":true,"href":"https:\/\/elviramodestconcept.com\/de\/wp-json\/wp\/v2\/product_cat?post=19845"},{"taxonomy":"product_tag","embeddable":true,"href":"https:\/\/elviramodestconcept.com\/de\/wp-json\/wp\/v2\/product_tag?post=19845"}],"curies":[{"name":"wp","href":"https:\/\/api.w.org\/{rel}","templated":true}]}}