{"id":19718,"date":"2025-11-09T13:30:06","date_gmt":"2025-11-09T13:30:06","guid":{"rendered":"https:\/\/elviramodestconcept.com\/?post_type=product&#038;p=19718"},"modified":"2025-11-11T14:49:24","modified_gmt":"2025-11-11T14:49:24","slug":"elegantna-duga-crna-haljina-sa-3d-aplikacijama-na-rukavima","status":"publish","type":"product","link":"https:\/\/elviramodestconcept.com\/de\/product\/elegantna-duga-crna-haljina-sa-3d-aplikacijama-na-rukavima\/","title":{"rendered":"Elegantna duga crna haljina sa 3D aplikacijama na rukavima"},"content":{"rendered":"<p>Elegantna crna haljina ravne siluete sa prepoznatljivim detaljima na rukavima.<\/p>\n<p>Izra\u0111ena od prijatnog, lagano padaju\u0107eg materijala koji se lepo kre\u0107e uz telo.<\/p>\n<p>Rukavi sa ru\u010dno ra\u0111enim 3D aplikacijama daju haljini prepoznatljiv i sofisticiran izgled.<\/p>\n<p>Model namenjen \u017eenama koje biraju jednostavnost s karakterom.<\/p>\n","protected":false},"excerpt":{"rendered":"<p>Elegantna crna haljina ravne siluete sa prepoznatljivim detaljima na rukavima. Izra\u0111ena od prijatnog, lagano padaju\u0107eg materijala koji se lepo kre\u0107e<\/p>\n","protected":false},"featured_media":19712,"template":"","meta":[],"product_brand":[],"product_cat":[72],"product_tag":[],"class_list":{"0":"post-19718","1":"product","2":"type-product","3":"status-publish","4":"has-post-thumbnail","6":"product_cat-haljine","8":"first","9":"instock","10":"shipping-taxable","11":"purchasable","12":"product-type-variable"},"yoast_head":"<!-- This site is optimized with the Yoast SEO plugin v25.8 - https:\/\/yoast.com\/wordpress\/plugins\/seo\/ -->\n<title>Elegantna duga crna haljina sa 3D aplikacijama na rukavima - Elvira Modest Fashion<\/title>\n<meta name=\"robots\" content=\"index, follow, max-snippet:-1, max-image-preview:large, max-video-preview:-1\" \/>\n<link rel=\"canonical\" href=\"https:\/\/elviramodestconcept.com\/de\/product\/elegantna-duga-crna-haljina-sa-3d-aplikacijama-na-rukavima\/\" \/>\n<meta property=\"og:locale\" content=\"de_DE\" \/>\n<meta property=\"og:type\" content=\"article\" \/>\n<meta property=\"og:title\" content=\"Elegantna duga crna haljina sa 3D aplikacijama na rukavima - Elvira Modest Fashion\" \/>\n<meta property=\"og:description\" content=\"Elegantna crna haljina ravne siluete sa prepoznatljivim detaljima na rukavima. Izra\u0111ena od prijatnog, lagano padaju\u0107eg materijala koji se lepo kre\u0107e\" \/>\n<meta property=\"og:url\" content=\"https:\/\/elviramodestconcept.com\/de\/product\/elegantna-duga-crna-haljina-sa-3d-aplikacijama-na-rukavima\/\" \/>\n<meta property=\"og:site_name\" content=\"Elvira Modest Fashion\" \/>\n<meta property=\"article:modified_time\" content=\"2025-11-11T14:49:24+00:00\" \/>\n<meta property=\"og:image\" content=\"https:\/\/elviramodestconcept.com\/wp-content\/uploads\/2025\/11\/ddcbd382-dd98-4ecf-b126-23ad0ccc56be-1.jpeg\" \/>\n\t<meta property=\"og:image:width\" content=\"1066\" \/>\n\t<meta property=\"og:image:height\" content=\"1344\" \/>\n\t<meta property=\"og:image:type\" content=\"image\/jpeg\" \/>\n<meta name=\"twitter:card\" content=\"summary_large_image\" \/>\n<script type=\"application\/ld+json\" class=\"yoast-schema-graph\">{\"@context\":\"https:\/\/schema.org\",\"@graph\":[{\"@type\":\"WebPage\",\"@id\":\"https:\/\/elviramodestconcept.com\/de\/product\/elegantna-duga-crna-haljina-sa-3d-aplikacijama-na-rukavima\/\",\"url\":\"https:\/\/elviramodestconcept.com\/de\/product\/elegantna-duga-crna-haljina-sa-3d-aplikacijama-na-rukavima\/\",\"name\":\"Elegantna duga crna haljina sa 3D aplikacijama na rukavima - Elvira Modest Fashion\",\"isPartOf\":{\"@id\":\"https:\/\/elviramodestconcept.com\/de\/#website\"},\"primaryImageOfPage\":{\"@id\":\"https:\/\/elviramodestconcept.com\/de\/product\/elegantna-duga-crna-haljina-sa-3d-aplikacijama-na-rukavima\/#primaryimage\"},\"image\":{\"@id\":\"https:\/\/elviramodestconcept.com\/de\/product\/elegantna-duga-crna-haljina-sa-3d-aplikacijama-na-rukavima\/#primaryimage\"},\"thumbnailUrl\":\"https:\/\/elviramodestconcept.com\/wp-content\/uploads\/2025\/11\/ddcbd382-dd98-4ecf-b126-23ad0ccc56be-1.jpeg\",\"datePublished\":\"2025-11-09T13:30:06+00:00\",\"dateModified\":\"2025-11-11T14:49:24+00:00\",\"breadcrumb\":{\"@id\":\"https:\/\/elviramodestconcept.com\/de\/product\/elegantna-duga-crna-haljina-sa-3d-aplikacijama-na-rukavima\/#breadcrumb\"},\"inLanguage\":\"de\",\"potentialAction\":[{\"@type\":\"ReadAction\",\"target\":[\"https:\/\/elviramodestconcept.com\/de\/product\/elegantna-duga-crna-haljina-sa-3d-aplikacijama-na-rukavima\/\"]}]},{\"@type\":\"ImageObject\",\"inLanguage\":\"de\",\"@id\":\"https:\/\/elviramodestconcept.com\/de\/product\/elegantna-duga-crna-haljina-sa-3d-aplikacijama-na-rukavima\/#primaryimage\",\"url\":\"https:\/\/elviramodestconcept.com\/wp-content\/uploads\/2025\/11\/ddcbd382-dd98-4ecf-b126-23ad0ccc56be-1.jpeg\",\"contentUrl\":\"https:\/\/elviramodestconcept.com\/wp-content\/uploads\/2025\/11\/ddcbd382-dd98-4ecf-b126-23ad0ccc56be-1.jpeg\",\"width\":1066,\"height\":1344},{\"@type\":\"BreadcrumbList\",\"@id\":\"https:\/\/elviramodestconcept.com\/de\/product\/elegantna-duga-crna-haljina-sa-3d-aplikacijama-na-rukavima\/#breadcrumb\",\"itemListElement\":[{\"@type\":\"ListItem\",\"position\":1,\"name\":\"Home\",\"item\":\"https:\/\/elviramodestconcept.com\/de\/\"},{\"@type\":\"ListItem\",\"position\":2,\"name\":\"Shop\",\"item\":\"https:\/\/elviramodestconcept.com\/de\/shop\/\"},{\"@type\":\"ListItem\",\"position\":3,\"name\":\"Elegantna duga crna haljina sa 3D aplikacijama na rukavima\"}]},{\"@type\":\"WebSite\",\"@id\":\"https:\/\/elviramodestconcept.com\/de\/#website\",\"url\":\"https:\/\/elviramodestconcept.com\/de\/\",\"name\":\"Elvira Modest Fashion\",\"description\":\"\",\"publisher\":{\"@id\":\"https:\/\/elviramodestconcept.com\/de\/#organization\"},\"potentialAction\":[{\"@type\":\"SearchAction\",\"target\":{\"@type\":\"EntryPoint\",\"urlTemplate\":\"https:\/\/elviramodestconcept.com\/de\/?s={search_term_string}\"},\"query-input\":{\"@type\":\"PropertyValueSpecification\",\"valueRequired\":true,\"valueName\":\"search_term_string\"}}],\"inLanguage\":\"de\"},{\"@type\":\"Organization\",\"@id\":\"https:\/\/elviramodestconcept.com\/de\/#organization\",\"name\":\"Elvira Modest Mode\",\"url\":\"https:\/\/elviramodestconcept.com\/de\/\",\"logo\":{\"@type\":\"ImageObject\",\"inLanguage\":\"de\",\"@id\":\"https:\/\/elviramodestconcept.com\/de\/#\/schema\/logo\/image\/\",\"url\":\"https:\/\/elviramodestconcept.com\/wp-content\/uploads\/2025\/04\/elvira-modest-fashion-black-logo.png\",\"contentUrl\":\"https:\/\/elviramodestconcept.com\/wp-content\/uploads\/2025\/04\/elvira-modest-fashion-black-logo.png\",\"width\":602,\"height\":510,\"caption\":\"Elvira Modest Mode\"},\"image\":{\"@id\":\"https:\/\/elviramodestconcept.com\/de\/#\/schema\/logo\/image\/\"},\"sameAs\":[\"https:\/\/www.instagram.com\/elvira.modestconcept\/\"]}]}<\/script>\n<!-- \/ Yoast SEO plugin. -->","yoast_head_json":{"title":"Elegantna duga crna haljina sa 3D aplikacijama na rukavima - Elvira Modest Fashion","robots":{"index":"index","follow":"follow","max-snippet":"max-snippet:-1","max-image-preview":"max-image-preview:large","max-video-preview":"max-video-preview:-1"},"canonical":"https:\/\/elviramodestconcept.com\/de\/product\/elegantna-duga-crna-haljina-sa-3d-aplikacijama-na-rukavima\/","og_locale":"de_DE","og_type":"article","og_title":"Elegantna duga crna haljina sa 3D aplikacijama na rukavima - Elvira Modest Fashion","og_description":"Elegantna crna haljina ravne siluete sa prepoznatljivim detaljima na rukavima. Izra\u0111ena od prijatnog, lagano padaju\u0107eg materijala koji se lepo kre\u0107e","og_url":"https:\/\/elviramodestconcept.com\/de\/product\/elegantna-duga-crna-haljina-sa-3d-aplikacijama-na-rukavima\/","og_site_name":"Elvira Modest Fashion","article_modified_time":"2025-11-11T14:49:24+00:00","og_image":[{"width":1066,"height":1344,"url":"https:\/\/elviramodestconcept.com\/wp-content\/uploads\/2025\/11\/ddcbd382-dd98-4ecf-b126-23ad0ccc56be-1.jpeg","type":"image\/jpeg"}],"twitter_card":"summary_large_image","schema":{"@context":"https:\/\/schema.org","@graph":[{"@type":"WebPage","@id":"https:\/\/elviramodestconcept.com\/de\/product\/elegantna-duga-crna-haljina-sa-3d-aplikacijama-na-rukavima\/","url":"https:\/\/elviramodestconcept.com\/de\/product\/elegantna-duga-crna-haljina-sa-3d-aplikacijama-na-rukavima\/","name":"Elegantna duga crna haljina sa 3D aplikacijama na rukavima - Elvira Modest Fashion","isPartOf":{"@id":"https:\/\/elviramodestconcept.com\/de\/#website"},"primaryImageOfPage":{"@id":"https:\/\/elviramodestconcept.com\/de\/product\/elegantna-duga-crna-haljina-sa-3d-aplikacijama-na-rukavima\/#primaryimage"},"image":{"@id":"https:\/\/elviramodestconcept.com\/de\/product\/elegantna-duga-crna-haljina-sa-3d-aplikacijama-na-rukavima\/#primaryimage"},"thumbnailUrl":"https:\/\/elviramodestconcept.com\/wp-content\/uploads\/2025\/11\/ddcbd382-dd98-4ecf-b126-23ad0ccc56be-1.jpeg","datePublished":"2025-11-09T13:30:06+00:00","dateModified":"2025-11-11T14:49:24+00:00","breadcrumb":{"@id":"https:\/\/elviramodestconcept.com\/de\/product\/elegantna-duga-crna-haljina-sa-3d-aplikacijama-na-rukavima\/#breadcrumb"},"inLanguage":"de","potentialAction":[{"@type":"ReadAction","target":["https:\/\/elviramodestconcept.com\/de\/product\/elegantna-duga-crna-haljina-sa-3d-aplikacijama-na-rukavima\/"]}]},{"@type":"ImageObject","inLanguage":"de","@id":"https:\/\/elviramodestconcept.com\/de\/product\/elegantna-duga-crna-haljina-sa-3d-aplikacijama-na-rukavima\/#primaryimage","url":"https:\/\/elviramodestconcept.com\/wp-content\/uploads\/2025\/11\/ddcbd382-dd98-4ecf-b126-23ad0ccc56be-1.jpeg","contentUrl":"https:\/\/elviramodestconcept.com\/wp-content\/uploads\/2025\/11\/ddcbd382-dd98-4ecf-b126-23ad0ccc56be-1.jpeg","width":1066,"height":1344},{"@type":"BreadcrumbList","@id":"https:\/\/elviramodestconcept.com\/de\/product\/elegantna-duga-crna-haljina-sa-3d-aplikacijama-na-rukavima\/#breadcrumb","itemListElement":[{"@type":"ListItem","position":1,"name":"Home","item":"https:\/\/elviramodestconcept.com\/de\/"},{"@type":"ListItem","position":2,"name":"Shop","item":"https:\/\/elviramodestconcept.com\/de\/shop\/"},{"@type":"ListItem","position":3,"name":"Elegantna duga crna haljina sa 3D aplikacijama na rukavima"}]},{"@type":"WebSite","@id":"https:\/\/elviramodestconcept.com\/de\/#website","url":"https:\/\/elviramodestconcept.com\/de\/","name":"Elvira Modest Fashion","description":"","publisher":{"@id":"https:\/\/elviramodestconcept.com\/de\/#organization"},"potentialAction":[{"@type":"SearchAction","target":{"@type":"EntryPoint","urlTemplate":"https:\/\/elviramodestconcept.com\/de\/?s={search_term_string}"},"query-input":{"@type":"PropertyValueSpecification","valueRequired":true,"valueName":"search_term_string"}}],"inLanguage":"de"},{"@type":"Organization","@id":"https:\/\/elviramodestconcept.com\/de\/#organization","name":"Elvira Modest Mode","url":"https:\/\/elviramodestconcept.com\/de\/","logo":{"@type":"ImageObject","inLanguage":"de","@id":"https:\/\/elviramodestconcept.com\/de\/#\/schema\/logo\/image\/","url":"https:\/\/elviramodestconcept.com\/wp-content\/uploads\/2025\/04\/elvira-modest-fashion-black-logo.png","contentUrl":"https:\/\/elviramodestconcept.com\/wp-content\/uploads\/2025\/04\/elvira-modest-fashion-black-logo.png","width":602,"height":510,"caption":"Elvira Modest Mode"},"image":{"@id":"https:\/\/elviramodestconcept.com\/de\/#\/schema\/logo\/image\/"},"sameAs":["https:\/\/www.instagram.com\/elvira.modestconcept\/"]}]}},"_links":{"self":[{"href":"https:\/\/elviramodestconcept.com\/de\/wp-json\/wp\/v2\/product\/19718","targetHints":{"allow":["GET"]}}],"collection":[{"href":"https:\/\/elviramodestconcept.com\/de\/wp-json\/wp\/v2\/product"}],"about":[{"href":"https:\/\/elviramodestconcept.com\/de\/wp-json\/wp\/v2\/types\/product"}],"version-history":[{"count":1,"href":"https:\/\/elviramodestconcept.com\/de\/wp-json\/wp\/v2\/product\/19718\/revisions"}],"predecessor-version":[{"id":19724,"href":"https:\/\/elviramodestconcept.com\/de\/wp-json\/wp\/v2\/product\/19718\/revisions\/19724"}],"wp:featuredmedia":[{"embeddable":true,"href":"https:\/\/elviramodestconcept.com\/de\/wp-json\/wp\/v2\/media\/19712"}],"wp:attachment":[{"href":"https:\/\/elviramodestconcept.com\/de\/wp-json\/wp\/v2\/media?parent=19718"}],"wp:term":[{"taxonomy":"product_brand","embeddable":true,"href":"https:\/\/elviramodestconcept.com\/de\/wp-json\/wp\/v2\/product_brand?post=19718"},{"taxonomy":"product_cat","embeddable":true,"href":"https:\/\/elviramodestconcept.com\/de\/wp-json\/wp\/v2\/product_cat?post=19718"},{"taxonomy":"product_tag","embeddable":true,"href":"https:\/\/elviramodestconcept.com\/de\/wp-json\/wp\/v2\/product_tag?post=19718"}],"curies":[{"name":"wp","href":"https:\/\/api.w.org\/{rel}","templated":true}]}}