{"id":19505,"date":"2025-08-07T11:29:52","date_gmt":"2025-08-07T11:29:52","guid":{"rendered":"https:\/\/elviramodestconcept.com\/?post_type=product&#038;p=19505"},"modified":"2025-08-07T11:31:12","modified_gmt":"2025-08-07T11:31:12","slug":"teget-haljina-u-teksturi-teksasa-od-lana","status":"publish","type":"product","link":"https:\/\/elviramodestconcept.com\/de\/product\/teget-haljina-u-teksturi-teksasa-od-lana\/","title":{"rendered":"Teget haljina u teksturi teksasa od lana"},"content":{"rendered":"<p>Lanena haljina u A kroju, dugih rukava, sa bo\u010dnim d\u017eepovima, kragnom i dugmicima.Prostrana i udobna, izra\u0111ena od prirodnog lana<\/p>\n","protected":false},"excerpt":{"rendered":"<p>Lanena haljina u A kroju, dugih rukava, sa bo\u010dnim d\u017eepovima, kragnom i dugmicima.Prostrana i udobna, izra\u0111ena od prirodnog lana<\/p>\n","protected":false},"featured_media":19502,"template":"","meta":[],"product_brand":[],"product_cat":[72],"product_tag":[],"class_list":{"0":"post-19505","1":"product","2":"type-product","3":"status-publish","4":"has-post-thumbnail","6":"product_cat-haljine","8":"first","9":"instock","10":"shipping-taxable","11":"purchasable","12":"product-type-variable"},"yoast_head":"<!-- This site is optimized with the Yoast SEO plugin v25.8 - https:\/\/yoast.com\/wordpress\/plugins\/seo\/ -->\n<title>Teget haljina u teksturi teksasa od lana - Elvira Modest Fashion<\/title>\n<meta name=\"robots\" content=\"index, follow, max-snippet:-1, max-image-preview:large, max-video-preview:-1\" \/>\n<link rel=\"canonical\" href=\"https:\/\/elviramodestconcept.com\/de\/product\/teget-haljina-u-teksturi-teksasa-od-lana\/\" \/>\n<meta property=\"og:locale\" content=\"de_DE\" \/>\n<meta property=\"og:type\" content=\"article\" \/>\n<meta property=\"og:title\" content=\"Teget haljina u teksturi teksasa od lana - Elvira Modest Fashion\" \/>\n<meta property=\"og:description\" content=\"Lanena haljina u A kroju, dugih rukava, sa bo\u010dnim d\u017eepovima, kragnom i dugmicima.Prostrana i udobna, izra\u0111ena od prirodnog lana\" \/>\n<meta property=\"og:url\" content=\"https:\/\/elviramodestconcept.com\/de\/product\/teget-haljina-u-teksturi-teksasa-od-lana\/\" \/>\n<meta property=\"og:site_name\" content=\"Elvira Modest Fashion\" \/>\n<meta property=\"article:modified_time\" content=\"2025-08-07T11:31:12+00:00\" \/>\n<meta property=\"og:image\" content=\"https:\/\/elviramodestconcept.com\/wp-content\/uploads\/2025\/08\/0493f911-83fa-463d-9fd4-fbe587b59073.jpeg\" \/>\n\t<meta property=\"og:image:width\" content=\"1440\" \/>\n\t<meta property=\"og:image:height\" content=\"1920\" \/>\n\t<meta property=\"og:image:type\" content=\"image\/jpeg\" \/>\n<meta name=\"twitter:card\" content=\"summary_large_image\" \/>\n<script type=\"application\/ld+json\" class=\"yoast-schema-graph\">{\"@context\":\"https:\/\/schema.org\",\"@graph\":[{\"@type\":\"WebPage\",\"@id\":\"https:\/\/elviramodestconcept.com\/de\/product\/teget-haljina-u-teksturi-teksasa-od-lana\/\",\"url\":\"https:\/\/elviramodestconcept.com\/de\/product\/teget-haljina-u-teksturi-teksasa-od-lana\/\",\"name\":\"Teget haljina u teksturi teksasa od lana - Elvira Modest Fashion\",\"isPartOf\":{\"@id\":\"https:\/\/elviramodestconcept.com\/de\/#website\"},\"primaryImageOfPage\":{\"@id\":\"https:\/\/elviramodestconcept.com\/de\/product\/teget-haljina-u-teksturi-teksasa-od-lana\/#primaryimage\"},\"image\":{\"@id\":\"https:\/\/elviramodestconcept.com\/de\/product\/teget-haljina-u-teksturi-teksasa-od-lana\/#primaryimage\"},\"thumbnailUrl\":\"https:\/\/elviramodestconcept.com\/wp-content\/uploads\/2025\/08\/0493f911-83fa-463d-9fd4-fbe587b59073.jpeg\",\"datePublished\":\"2025-08-07T11:29:52+00:00\",\"dateModified\":\"2025-08-07T11:31:12+00:00\",\"breadcrumb\":{\"@id\":\"https:\/\/elviramodestconcept.com\/de\/product\/teget-haljina-u-teksturi-teksasa-od-lana\/#breadcrumb\"},\"inLanguage\":\"de\",\"potentialAction\":[{\"@type\":\"ReadAction\",\"target\":[\"https:\/\/elviramodestconcept.com\/de\/product\/teget-haljina-u-teksturi-teksasa-od-lana\/\"]}]},{\"@type\":\"ImageObject\",\"inLanguage\":\"de\",\"@id\":\"https:\/\/elviramodestconcept.com\/de\/product\/teget-haljina-u-teksturi-teksasa-od-lana\/#primaryimage\",\"url\":\"https:\/\/elviramodestconcept.com\/wp-content\/uploads\/2025\/08\/0493f911-83fa-463d-9fd4-fbe587b59073.jpeg\",\"contentUrl\":\"https:\/\/elviramodestconcept.com\/wp-content\/uploads\/2025\/08\/0493f911-83fa-463d-9fd4-fbe587b59073.jpeg\",\"width\":1440,\"height\":1920},{\"@type\":\"BreadcrumbList\",\"@id\":\"https:\/\/elviramodestconcept.com\/de\/product\/teget-haljina-u-teksturi-teksasa-od-lana\/#breadcrumb\",\"itemListElement\":[{\"@type\":\"ListItem\",\"position\":1,\"name\":\"Home\",\"item\":\"https:\/\/elviramodestconcept.com\/de\/\"},{\"@type\":\"ListItem\",\"position\":2,\"name\":\"Shop\",\"item\":\"https:\/\/elviramodestconcept.com\/de\/shop\/\"},{\"@type\":\"ListItem\",\"position\":3,\"name\":\"Teget haljina u teksturi teksasa od lana\"}]},{\"@type\":\"WebSite\",\"@id\":\"https:\/\/elviramodestconcept.com\/de\/#website\",\"url\":\"https:\/\/elviramodestconcept.com\/de\/\",\"name\":\"Elvira Modest Fashion\",\"description\":\"\",\"publisher\":{\"@id\":\"https:\/\/elviramodestconcept.com\/de\/#organization\"},\"potentialAction\":[{\"@type\":\"SearchAction\",\"target\":{\"@type\":\"EntryPoint\",\"urlTemplate\":\"https:\/\/elviramodestconcept.com\/de\/?s={search_term_string}\"},\"query-input\":{\"@type\":\"PropertyValueSpecification\",\"valueRequired\":true,\"valueName\":\"search_term_string\"}}],\"inLanguage\":\"de\"},{\"@type\":\"Organization\",\"@id\":\"https:\/\/elviramodestconcept.com\/de\/#organization\",\"name\":\"Elvira Modest Mode\",\"url\":\"https:\/\/elviramodestconcept.com\/de\/\",\"logo\":{\"@type\":\"ImageObject\",\"inLanguage\":\"de\",\"@id\":\"https:\/\/elviramodestconcept.com\/de\/#\/schema\/logo\/image\/\",\"url\":\"https:\/\/elviramodestconcept.com\/wp-content\/uploads\/2025\/04\/elvira-modest-fashion-black-logo.png\",\"contentUrl\":\"https:\/\/elviramodestconcept.com\/wp-content\/uploads\/2025\/04\/elvira-modest-fashion-black-logo.png\",\"width\":602,\"height\":510,\"caption\":\"Elvira Modest Mode\"},\"image\":{\"@id\":\"https:\/\/elviramodestconcept.com\/de\/#\/schema\/logo\/image\/\"},\"sameAs\":[\"https:\/\/www.instagram.com\/elvira.modestconcept\/\"]}]}<\/script>\n<!-- \/ Yoast SEO plugin. -->","yoast_head_json":{"title":"Teget haljina u teksturi teksasa od lana - Elvira Modest Fashion","robots":{"index":"index","follow":"follow","max-snippet":"max-snippet:-1","max-image-preview":"max-image-preview:large","max-video-preview":"max-video-preview:-1"},"canonical":"https:\/\/elviramodestconcept.com\/de\/product\/teget-haljina-u-teksturi-teksasa-od-lana\/","og_locale":"de_DE","og_type":"article","og_title":"Teget haljina u teksturi teksasa od lana - Elvira Modest Fashion","og_description":"Lanena haljina u A kroju, dugih rukava, sa bo\u010dnim d\u017eepovima, kragnom i dugmicima.Prostrana i udobna, izra\u0111ena od prirodnog lana","og_url":"https:\/\/elviramodestconcept.com\/de\/product\/teget-haljina-u-teksturi-teksasa-od-lana\/","og_site_name":"Elvira Modest Fashion","article_modified_time":"2025-08-07T11:31:12+00:00","og_image":[{"width":1440,"height":1920,"url":"https:\/\/elviramodestconcept.com\/wp-content\/uploads\/2025\/08\/0493f911-83fa-463d-9fd4-fbe587b59073.jpeg","type":"image\/jpeg"}],"twitter_card":"summary_large_image","schema":{"@context":"https:\/\/schema.org","@graph":[{"@type":"WebPage","@id":"https:\/\/elviramodestconcept.com\/de\/product\/teget-haljina-u-teksturi-teksasa-od-lana\/","url":"https:\/\/elviramodestconcept.com\/de\/product\/teget-haljina-u-teksturi-teksasa-od-lana\/","name":"Teget haljina u teksturi teksasa od lana - Elvira Modest Fashion","isPartOf":{"@id":"https:\/\/elviramodestconcept.com\/de\/#website"},"primaryImageOfPage":{"@id":"https:\/\/elviramodestconcept.com\/de\/product\/teget-haljina-u-teksturi-teksasa-od-lana\/#primaryimage"},"image":{"@id":"https:\/\/elviramodestconcept.com\/de\/product\/teget-haljina-u-teksturi-teksasa-od-lana\/#primaryimage"},"thumbnailUrl":"https:\/\/elviramodestconcept.com\/wp-content\/uploads\/2025\/08\/0493f911-83fa-463d-9fd4-fbe587b59073.jpeg","datePublished":"2025-08-07T11:29:52+00:00","dateModified":"2025-08-07T11:31:12+00:00","breadcrumb":{"@id":"https:\/\/elviramodestconcept.com\/de\/product\/teget-haljina-u-teksturi-teksasa-od-lana\/#breadcrumb"},"inLanguage":"de","potentialAction":[{"@type":"ReadAction","target":["https:\/\/elviramodestconcept.com\/de\/product\/teget-haljina-u-teksturi-teksasa-od-lana\/"]}]},{"@type":"ImageObject","inLanguage":"de","@id":"https:\/\/elviramodestconcept.com\/de\/product\/teget-haljina-u-teksturi-teksasa-od-lana\/#primaryimage","url":"https:\/\/elviramodestconcept.com\/wp-content\/uploads\/2025\/08\/0493f911-83fa-463d-9fd4-fbe587b59073.jpeg","contentUrl":"https:\/\/elviramodestconcept.com\/wp-content\/uploads\/2025\/08\/0493f911-83fa-463d-9fd4-fbe587b59073.jpeg","width":1440,"height":1920},{"@type":"BreadcrumbList","@id":"https:\/\/elviramodestconcept.com\/de\/product\/teget-haljina-u-teksturi-teksasa-od-lana\/#breadcrumb","itemListElement":[{"@type":"ListItem","position":1,"name":"Home","item":"https:\/\/elviramodestconcept.com\/de\/"},{"@type":"ListItem","position":2,"name":"Shop","item":"https:\/\/elviramodestconcept.com\/de\/shop\/"},{"@type":"ListItem","position":3,"name":"Teget haljina u teksturi teksasa od lana"}]},{"@type":"WebSite","@id":"https:\/\/elviramodestconcept.com\/de\/#website","url":"https:\/\/elviramodestconcept.com\/de\/","name":"Elvira Modest Fashion","description":"","publisher":{"@id":"https:\/\/elviramodestconcept.com\/de\/#organization"},"potentialAction":[{"@type":"SearchAction","target":{"@type":"EntryPoint","urlTemplate":"https:\/\/elviramodestconcept.com\/de\/?s={search_term_string}"},"query-input":{"@type":"PropertyValueSpecification","valueRequired":true,"valueName":"search_term_string"}}],"inLanguage":"de"},{"@type":"Organization","@id":"https:\/\/elviramodestconcept.com\/de\/#organization","name":"Elvira Modest Mode","url":"https:\/\/elviramodestconcept.com\/de\/","logo":{"@type":"ImageObject","inLanguage":"de","@id":"https:\/\/elviramodestconcept.com\/de\/#\/schema\/logo\/image\/","url":"https:\/\/elviramodestconcept.com\/wp-content\/uploads\/2025\/04\/elvira-modest-fashion-black-logo.png","contentUrl":"https:\/\/elviramodestconcept.com\/wp-content\/uploads\/2025\/04\/elvira-modest-fashion-black-logo.png","width":602,"height":510,"caption":"Elvira Modest Mode"},"image":{"@id":"https:\/\/elviramodestconcept.com\/de\/#\/schema\/logo\/image\/"},"sameAs":["https:\/\/www.instagram.com\/elvira.modestconcept\/"]}]}},"_links":{"self":[{"href":"https:\/\/elviramodestconcept.com\/de\/wp-json\/wp\/v2\/product\/19505","targetHints":{"allow":["GET"]}}],"collection":[{"href":"https:\/\/elviramodestconcept.com\/de\/wp-json\/wp\/v2\/product"}],"about":[{"href":"https:\/\/elviramodestconcept.com\/de\/wp-json\/wp\/v2\/types\/product"}],"version-history":[{"count":1,"href":"https:\/\/elviramodestconcept.com\/de\/wp-json\/wp\/v2\/product\/19505\/revisions"}],"predecessor-version":[{"id":19511,"href":"https:\/\/elviramodestconcept.com\/de\/wp-json\/wp\/v2\/product\/19505\/revisions\/19511"}],"wp:featuredmedia":[{"embeddable":true,"href":"https:\/\/elviramodestconcept.com\/de\/wp-json\/wp\/v2\/media\/19502"}],"wp:attachment":[{"href":"https:\/\/elviramodestconcept.com\/de\/wp-json\/wp\/v2\/media?parent=19505"}],"wp:term":[{"taxonomy":"product_brand","embeddable":true,"href":"https:\/\/elviramodestconcept.com\/de\/wp-json\/wp\/v2\/product_brand?post=19505"},{"taxonomy":"product_cat","embeddable":true,"href":"https:\/\/elviramodestconcept.com\/de\/wp-json\/wp\/v2\/product_cat?post=19505"},{"taxonomy":"product_tag","embeddable":true,"href":"https:\/\/elviramodestconcept.com\/de\/wp-json\/wp\/v2\/product_tag?post=19505"}],"curies":[{"name":"wp","href":"https:\/\/api.w.org\/{rel}","templated":true}]}}