{"id":17712,"date":"2025-04-25T13:04:09","date_gmt":"2025-04-25T13:04:09","guid":{"rendered":"https:\/\/elviramodestconcept.com\/product\/strickjacke-und-kleid-aus-der-premium-kollektion\/"},"modified":"2025-04-25T13:05:30","modified_gmt":"2025-04-25T13:05:30","slug":"strickjacke-und-kleid-aus-der-premium-kollektion","status":"publish","type":"product","link":"https:\/\/elviramodestconcept.com\/de\/product\/strickjacke-und-kleid-aus-der-premium-kollektion\/","title":{"rendered":"Strickjacke und Kleid aus der Premium-Kollektion"},"content":{"rendered":"","protected":false},"excerpt":{"rendered":"","protected":false},"featured_media":17703,"template":"","meta":[],"product_brand":[],"product_cat":[165],"product_tag":[],"class_list":{"0":"post-17712","1":"product","2":"type-product","3":"status-publish","4":"has-post-thumbnail","6":"product_cat-langer-cardigan","8":"first","9":"instock","10":"shipping-taxable","11":"product-type-variable"},"yoast_head":"<!-- This site is optimized with the Yoast SEO plugin v25.8 - https:\/\/yoast.com\/wordpress\/plugins\/seo\/ -->\n<title>Strickjacke und Kleid aus der Premium-Kollektion - Elvira Modest Fashion<\/title>\n<meta name=\"robots\" content=\"index, follow, max-snippet:-1, max-image-preview:large, max-video-preview:-1\" \/>\n<link rel=\"canonical\" href=\"https:\/\/elviramodestconcept.com\/de\/product\/strickjacke-und-kleid-aus-der-premium-kollektion\/\" \/>\n<meta property=\"og:locale\" content=\"de_DE\" \/>\n<meta property=\"og:type\" content=\"article\" \/>\n<meta property=\"og:title\" content=\"Strickjacke und Kleid aus der Premium-Kollektion - Elvira Modest Fashion\" \/>\n<meta property=\"og:url\" content=\"https:\/\/elviramodestconcept.com\/de\/product\/strickjacke-und-kleid-aus-der-premium-kollektion\/\" \/>\n<meta property=\"og:site_name\" content=\"Elvira Modest Fashion\" \/>\n<meta property=\"article:modified_time\" content=\"2025-04-25T13:05:30+00:00\" \/>\n<meta property=\"og:image\" content=\"https:\/\/elviramodestconcept.com\/wp-content\/uploads\/2025\/04\/2023-12-19-14.15.15-3261253327514213131.jpg\" \/>\n\t<meta property=\"og:image:width\" content=\"1080\" \/>\n\t<meta property=\"og:image:height\" content=\"1350\" \/>\n\t<meta property=\"og:image:type\" content=\"image\/jpeg\" \/>\n<meta name=\"twitter:card\" content=\"summary_large_image\" \/>\n<script type=\"application\/ld+json\" class=\"yoast-schema-graph\">{\"@context\":\"https:\/\/schema.org\",\"@graph\":[{\"@type\":\"WebPage\",\"@id\":\"https:\/\/elviramodestconcept.com\/de\/product\/strickjacke-und-kleid-aus-der-premium-kollektion\/\",\"url\":\"https:\/\/elviramodestconcept.com\/de\/product\/strickjacke-und-kleid-aus-der-premium-kollektion\/\",\"name\":\"Strickjacke und Kleid aus der Premium-Kollektion - Elvira Modest Fashion\",\"isPartOf\":{\"@id\":\"https:\/\/elviramodestconcept.com\/de\/#website\"},\"primaryImageOfPage\":{\"@id\":\"https:\/\/elviramodestconcept.com\/de\/product\/strickjacke-und-kleid-aus-der-premium-kollektion\/#primaryimage\"},\"image\":{\"@id\":\"https:\/\/elviramodestconcept.com\/de\/product\/strickjacke-und-kleid-aus-der-premium-kollektion\/#primaryimage\"},\"thumbnailUrl\":\"https:\/\/elviramodestconcept.com\/wp-content\/uploads\/2025\/04\/2023-12-19-14.15.15-3261253327514213131.jpg\",\"datePublished\":\"2025-04-25T13:04:09+00:00\",\"dateModified\":\"2025-04-25T13:05:30+00:00\",\"breadcrumb\":{\"@id\":\"https:\/\/elviramodestconcept.com\/de\/product\/strickjacke-und-kleid-aus-der-premium-kollektion\/#breadcrumb\"},\"inLanguage\":\"de\",\"potentialAction\":[{\"@type\":\"ReadAction\",\"target\":[\"https:\/\/elviramodestconcept.com\/de\/product\/strickjacke-und-kleid-aus-der-premium-kollektion\/\"]}]},{\"@type\":\"ImageObject\",\"inLanguage\":\"de\",\"@id\":\"https:\/\/elviramodestconcept.com\/de\/product\/strickjacke-und-kleid-aus-der-premium-kollektion\/#primaryimage\",\"url\":\"https:\/\/elviramodestconcept.com\/wp-content\/uploads\/2025\/04\/2023-12-19-14.15.15-3261253327514213131.jpg\",\"contentUrl\":\"https:\/\/elviramodestconcept.com\/wp-content\/uploads\/2025\/04\/2023-12-19-14.15.15-3261253327514213131.jpg\",\"width\":1080,\"height\":1350,\"caption\":\"Wir verraten Ihnen einen Teil unserer Vision! ?? Der Cardigan und das Kleid aus der PREMIUM Kollektion sind ab sofort erh\u00e4ltlich? ab heute! ?? F\u00fcr alle Informationen k\u00f6nnen Sie uns eine Nachricht senden. Wir freuen uns auf Ihre Eindr\u00fccke ???? #modesty #modestfashion #hijabi #hijabstyle\"},{\"@type\":\"BreadcrumbList\",\"@id\":\"https:\/\/elviramodestconcept.com\/de\/product\/strickjacke-und-kleid-aus-der-premium-kollektion\/#breadcrumb\",\"itemListElement\":[{\"@type\":\"ListItem\",\"position\":1,\"name\":\"Home\",\"item\":\"https:\/\/elviramodestconcept.com\/de\/\"},{\"@type\":\"ListItem\",\"position\":2,\"name\":\"Shop\",\"item\":\"https:\/\/elviramodestconcept.com\/de\/shop\/\"},{\"@type\":\"ListItem\",\"position\":3,\"name\":\"Strickjacke und Kleid aus der Premium-Kollektion\"}]},{\"@type\":\"WebSite\",\"@id\":\"https:\/\/elviramodestconcept.com\/de\/#website\",\"url\":\"https:\/\/elviramodestconcept.com\/de\/\",\"name\":\"Elvira Modest Fashion\",\"description\":\"\",\"publisher\":{\"@id\":\"https:\/\/elviramodestconcept.com\/de\/#organization\"},\"potentialAction\":[{\"@type\":\"SearchAction\",\"target\":{\"@type\":\"EntryPoint\",\"urlTemplate\":\"https:\/\/elviramodestconcept.com\/de\/?s={search_term_string}\"},\"query-input\":{\"@type\":\"PropertyValueSpecification\",\"valueRequired\":true,\"valueName\":\"search_term_string\"}}],\"inLanguage\":\"de\"},{\"@type\":\"Organization\",\"@id\":\"https:\/\/elviramodestconcept.com\/de\/#organization\",\"name\":\"Elvira Modest Mode\",\"url\":\"https:\/\/elviramodestconcept.com\/de\/\",\"logo\":{\"@type\":\"ImageObject\",\"inLanguage\":\"de\",\"@id\":\"https:\/\/elviramodestconcept.com\/de\/#\/schema\/logo\/image\/\",\"url\":\"https:\/\/elviramodestconcept.com\/wp-content\/uploads\/2025\/04\/elvira-modest-fashion-black-logo.png\",\"contentUrl\":\"https:\/\/elviramodestconcept.com\/wp-content\/uploads\/2025\/04\/elvira-modest-fashion-black-logo.png\",\"width\":602,\"height\":510,\"caption\":\"Elvira Modest Mode\"},\"image\":{\"@id\":\"https:\/\/elviramodestconcept.com\/de\/#\/schema\/logo\/image\/\"},\"sameAs\":[\"https:\/\/www.instagram.com\/elvira.modestconcept\/\"]}]}<\/script>\n<!-- \/ Yoast SEO plugin. -->","yoast_head_json":{"title":"Strickjacke und Kleid aus der Premium-Kollektion - Elvira Modest Fashion","robots":{"index":"index","follow":"follow","max-snippet":"max-snippet:-1","max-image-preview":"max-image-preview:large","max-video-preview":"max-video-preview:-1"},"canonical":"https:\/\/elviramodestconcept.com\/de\/product\/strickjacke-und-kleid-aus-der-premium-kollektion\/","og_locale":"de_DE","og_type":"article","og_title":"Strickjacke und Kleid aus der Premium-Kollektion - Elvira Modest Fashion","og_url":"https:\/\/elviramodestconcept.com\/de\/product\/strickjacke-und-kleid-aus-der-premium-kollektion\/","og_site_name":"Elvira Modest Fashion","article_modified_time":"2025-04-25T13:05:30+00:00","og_image":[{"width":1080,"height":1350,"url":"https:\/\/elviramodestconcept.com\/wp-content\/uploads\/2025\/04\/2023-12-19-14.15.15-3261253327514213131.jpg","type":"image\/jpeg"}],"twitter_card":"summary_large_image","schema":{"@context":"https:\/\/schema.org","@graph":[{"@type":"WebPage","@id":"https:\/\/elviramodestconcept.com\/de\/product\/strickjacke-und-kleid-aus-der-premium-kollektion\/","url":"https:\/\/elviramodestconcept.com\/de\/product\/strickjacke-und-kleid-aus-der-premium-kollektion\/","name":"Strickjacke und Kleid aus der Premium-Kollektion - Elvira Modest Fashion","isPartOf":{"@id":"https:\/\/elviramodestconcept.com\/de\/#website"},"primaryImageOfPage":{"@id":"https:\/\/elviramodestconcept.com\/de\/product\/strickjacke-und-kleid-aus-der-premium-kollektion\/#primaryimage"},"image":{"@id":"https:\/\/elviramodestconcept.com\/de\/product\/strickjacke-und-kleid-aus-der-premium-kollektion\/#primaryimage"},"thumbnailUrl":"https:\/\/elviramodestconcept.com\/wp-content\/uploads\/2025\/04\/2023-12-19-14.15.15-3261253327514213131.jpg","datePublished":"2025-04-25T13:04:09+00:00","dateModified":"2025-04-25T13:05:30+00:00","breadcrumb":{"@id":"https:\/\/elviramodestconcept.com\/de\/product\/strickjacke-und-kleid-aus-der-premium-kollektion\/#breadcrumb"},"inLanguage":"de","potentialAction":[{"@type":"ReadAction","target":["https:\/\/elviramodestconcept.com\/de\/product\/strickjacke-und-kleid-aus-der-premium-kollektion\/"]}]},{"@type":"ImageObject","inLanguage":"de","@id":"https:\/\/elviramodestconcept.com\/de\/product\/strickjacke-und-kleid-aus-der-premium-kollektion\/#primaryimage","url":"https:\/\/elviramodestconcept.com\/wp-content\/uploads\/2025\/04\/2023-12-19-14.15.15-3261253327514213131.jpg","contentUrl":"https:\/\/elviramodestconcept.com\/wp-content\/uploads\/2025\/04\/2023-12-19-14.15.15-3261253327514213131.jpg","width":1080,"height":1350,"caption":"Wir verraten Ihnen einen Teil unserer Vision! ?? Der Cardigan und das Kleid aus der PREMIUM Kollektion sind ab sofort erh\u00e4ltlich? ab heute! ?? F\u00fcr alle Informationen k\u00f6nnen Sie uns eine Nachricht senden. Wir freuen uns auf Ihre Eindr\u00fccke ???? #modesty #modestfashion #hijabi #hijabstyle"},{"@type":"BreadcrumbList","@id":"https:\/\/elviramodestconcept.com\/de\/product\/strickjacke-und-kleid-aus-der-premium-kollektion\/#breadcrumb","itemListElement":[{"@type":"ListItem","position":1,"name":"Home","item":"https:\/\/elviramodestconcept.com\/de\/"},{"@type":"ListItem","position":2,"name":"Shop","item":"https:\/\/elviramodestconcept.com\/de\/shop\/"},{"@type":"ListItem","position":3,"name":"Strickjacke und Kleid aus der Premium-Kollektion"}]},{"@type":"WebSite","@id":"https:\/\/elviramodestconcept.com\/de\/#website","url":"https:\/\/elviramodestconcept.com\/de\/","name":"Elvira Modest Fashion","description":"","publisher":{"@id":"https:\/\/elviramodestconcept.com\/de\/#organization"},"potentialAction":[{"@type":"SearchAction","target":{"@type":"EntryPoint","urlTemplate":"https:\/\/elviramodestconcept.com\/de\/?s={search_term_string}"},"query-input":{"@type":"PropertyValueSpecification","valueRequired":true,"valueName":"search_term_string"}}],"inLanguage":"de"},{"@type":"Organization","@id":"https:\/\/elviramodestconcept.com\/de\/#organization","name":"Elvira Modest Mode","url":"https:\/\/elviramodestconcept.com\/de\/","logo":{"@type":"ImageObject","inLanguage":"de","@id":"https:\/\/elviramodestconcept.com\/de\/#\/schema\/logo\/image\/","url":"https:\/\/elviramodestconcept.com\/wp-content\/uploads\/2025\/04\/elvira-modest-fashion-black-logo.png","contentUrl":"https:\/\/elviramodestconcept.com\/wp-content\/uploads\/2025\/04\/elvira-modest-fashion-black-logo.png","width":602,"height":510,"caption":"Elvira Modest Mode"},"image":{"@id":"https:\/\/elviramodestconcept.com\/de\/#\/schema\/logo\/image\/"},"sameAs":["https:\/\/www.instagram.com\/elvira.modestconcept\/"]}]}},"_links":{"self":[{"href":"https:\/\/elviramodestconcept.com\/de\/wp-json\/wp\/v2\/product\/17712","targetHints":{"allow":["GET"]}}],"collection":[{"href":"https:\/\/elviramodestconcept.com\/de\/wp-json\/wp\/v2\/product"}],"about":[{"href":"https:\/\/elviramodestconcept.com\/de\/wp-json\/wp\/v2\/types\/product"}],"version-history":[{"count":1,"href":"https:\/\/elviramodestconcept.com\/de\/wp-json\/wp\/v2\/product\/17712\/revisions"}],"predecessor-version":[{"id":17731,"href":"https:\/\/elviramodestconcept.com\/de\/wp-json\/wp\/v2\/product\/17712\/revisions\/17731"}],"wp:featuredmedia":[{"embeddable":true,"href":"https:\/\/elviramodestconcept.com\/de\/wp-json\/wp\/v2\/media\/17703"}],"wp:attachment":[{"href":"https:\/\/elviramodestconcept.com\/de\/wp-json\/wp\/v2\/media?parent=17712"}],"wp:term":[{"taxonomy":"product_brand","embeddable":true,"href":"https:\/\/elviramodestconcept.com\/de\/wp-json\/wp\/v2\/product_brand?post=17712"},{"taxonomy":"product_cat","embeddable":true,"href":"https:\/\/elviramodestconcept.com\/de\/wp-json\/wp\/v2\/product_cat?post=17712"},{"taxonomy":"product_tag","embeddable":true,"href":"https:\/\/elviramodestconcept.com\/de\/wp-json\/wp\/v2\/product_tag?post=17712"}],"curies":[{"name":"wp","href":"https:\/\/api.w.org\/{rel}","templated":true}]}}