{"id":16808,"date":"2021-10-12T16:27:24","date_gmt":"2021-10-12T16:27:24","guid":{"rendered":"https:\/\/elviramodestconcept.com\/kontaktieren-sie-uns\/"},"modified":"2025-04-22T08:08:59","modified_gmt":"2025-04-22T08:08:59","slug":"kontaktieren-sie-uns","status":"publish","type":"page","link":"https:\/\/elviramodestconcept.com\/de\/kontaktieren-sie-uns\/","title":{"rendered":"Kontaktieren Sie uns"},"content":{"rendered":"\t\t<div data-elementor-type=\"wp-page\" data-elementor-id=\"16808\" class=\"elementor elementor-16808 elementor-4439\" data-elementor-post-type=\"page\">\n\t\t\t\t<div class=\"wd-negative-gap elementor-element elementor-element-cb322d0 e-flex e-con-boxed e-con e-parent\" data-id=\"cb322d0\" data-element_type=\"container\" data-settings=\"{&quot;jet_parallax_layout_list&quot;:[]}\">\n\t\t\t\t\t<div class=\"e-con-inner\">\n\t\t<div class=\"elementor-element elementor-element-1f0abe4 e-con-full e-flex e-con e-child\" data-id=\"1f0abe4\" data-element_type=\"container\" data-settings=\"{&quot;jet_parallax_layout_list&quot;:[]}\">\n\t\t\t\t<div class=\"elementor-element elementor-element-071523a wd-width-100 elementor-widget elementor-widget-wd_title\" data-id=\"071523a\" data-element_type=\"widget\" data-widget_type=\"wd_title.default\">\n\t\t\t\t<div class=\"elementor-widget-container\">\n\t\t\t\t\t\t\t<div class=\"title-wrapper wd-set-mb reset-last-child wd-title-color-default wd-title-style-default wd-title-size-default text-left\">\n\n\t\t\t\t\t\t\t\t\t\t\t<div class=\"title-subtitle subtitle-color-default subtitle-style-default wd-fontsize-xs\">\n\t\t\t\t\tWEITERE INFORMATIONEN\t\t\t\t<\/div>\n\t\t\t\n\t\t\t<div class=\"liner-continer\">\n\t\t\t\t<h4 class=\"woodmart-title-container title wd-fontsize-l\">H\u00c4UFIG GESTELLTE FRAGEN<\/h4> \n\t\t\t\t\t\t\t<\/div>\n\n\t\t\t\t\t<\/div>\n\t\t\t\t\t\t<\/div>\n\t\t\t\t<\/div>\n\t\t\t\t<div class=\"elementor-element elementor-element-4ba5f2b elementor-widget elementor-widget-wd_accordion\" data-id=\"4ba5f2b\" data-element_type=\"widget\" data-widget_type=\"wd_accordion.default\">\n\t\t\t\t<div class=\"elementor-widget-container\">\n\t\t\t\t\t\n\t\t<div class=\"wd-accordion wd-style-default wd-titles-left wd-opener-pos-right wd-opener-style-arrow\" data-state=\"first\">\n\t\t\t\t\t\t\t\n\t\t\t\t<div class=\"wd-accordion-item\">\n\t\t\t\t\t<div class=\"wd-accordion-title wd-active\" data-accordion-index=\"0\">\n\t\t\t\t\t\t<div class=\"wd-accordion-title-text\">\n\t\t\t\t\t\t\t\t\t\t\t\t\t\t<span>\n\t\t\t\t\t\t\t\tBesteht die M\u00f6glichkeit eines Ersatzes?\t\t\t\t\t\t\t<\/span>\n\t\t\t\t\t\t<\/div>\n\t\t\t\t\t\t<span class=\"wd-accordion-opener\"><\/span>\n\t\t\t\t\t<\/div>\n\n\t\t\t\t\t<div class=\"wd-accordion-content wd-entry-content wd-active\" data-accordion-index=\"0\">\n\t\t\t\t\t\t\t\t\t\t\t\t\t\n\t\t\t\t\t\t\t<p>Sollte Ihnen beim Online-Einkauf der bestellte Artikel nicht passen oder einfach nicht gefallen, besteht die M\u00f6glichkeit, ihn gegen eine andere Gr\u00f6\u00dfe oder einen anderen Artikel aus unserem Sortiment umzutauschen.  <\/p>\n\t\t\t\t\t\t\t\t\t\t\t\t\t\t\t\t\t\t<\/div>\n\t\t\t\t<\/div>\n\t\t\t\t\t\t\t\n\t\t\t\t<div class=\"wd-accordion-item\">\n\t\t\t\t\t<div class=\"wd-accordion-title\" data-accordion-index=\"1\">\n\t\t\t\t\t\t<div class=\"wd-accordion-title-text\">\n\t\t\t\t\t\t\t\t\t\t\t\t\t\t<span>\n\t\t\t\t\t\t\t\tBesteht die M\u00f6glichkeit einer R\u00fcckerstattung?\t\t\t\t\t\t\t<\/span>\n\t\t\t\t\t\t<\/div>\n\t\t\t\t\t\t<span class=\"wd-accordion-opener\"><\/span>\n\t\t\t\t\t<\/div>\n\n\t\t\t\t\t<div class=\"wd-accordion-content wd-entry-content\" data-accordion-index=\"1\">\n\t\t\t\t\t\t\t\t\t\t\t\t\t\n\t\t\t\t\t\t\t<div class=\"wd-page-content main-page-wrapper\"><main class=\"wd-content-layout content-layout-wrapper container\" role=\"main\"><\/main><div class=\"elementor elementor-15844\" data-elementor-type=\"wp-page\" data-elementor-id=\"15844\" data-elementor-post-type=\"page\"><div class=\"elementor-element elementor-element-9f75b2a e-flex e-con-boxed e-con e-parent\" data-id=\"9f75b2a\" data-element_type=\"container\"><div class=\"e-con-inner\"><div class=\"wd-negative-gap elementor-element elementor-element-23931f2 e-flex e-con-boxed e-con e-child\" data-id=\"23931f2\" data-element_type=\"container\"><div class=\"e-con-inner\"><div class=\"elementor-element elementor-element-5ebdf3c elementor-widget elementor-widget-wd_accordion\" data-id=\"5ebdf3c\" data-element_type=\"widget\" data-widget_type=\"wd_accordion.default\"><div class=\"elementor-widget-container\"><div class=\"wd-accordion wd-style-shadow wd-titles-left wd-opener-pos-right wd-opener-style-arrow wd-inited\" data-state=\"first\"><div class=\"wd-accordion-item\"><div class=\"wd-accordion-content wd-entry-content wd-active\" data-accordion-index=\"2\"><p>Ja, falls Ihnen das Produkt nicht gef\u00e4llt oder es einen anderen Grund gibt, k\u00f6nnen Sie eine R\u00fcckerstattung beantragen. Sie m\u00fcssen uns sp\u00e4testens 14 Tage nach Erhalt des Pakets kontaktieren. Das Produkt darf nicht abgenutzt oder besch\u00e4digt sein.  <\/p><\/div><\/div><div class=\"wd-accordion-item\"><div class=\"wd-accordion-title\" data-accordion-index=\"3\"><div class=\"wd-accordion-title-text\">Kann ich Waren telefonisch bestellen?<\/div><\/div><\/div><div class=\"wd-accordion-item\"><div class=\"wd-accordion-title\" data-accordion-index=\"4\"><div class=\"wd-accordion-title-text\">Woher wei\u00df ich, dass ich einen Artikel erfolgreich \u00fcber die Website bestellt habe?<\/div><\/div><\/div><div class=\"wd-accordion-item\"><div class=\"wd-accordion-title\" data-accordion-index=\"5\"><div class=\"wd-accordion-title-text\">Wie bezahle ich das bestellte Produkt?<\/div><\/div><\/div><div class=\"wd-accordion-item\"><div class=\"wd-accordion-title\" data-accordion-index=\"6\"><div class=\"wd-accordion-title-text\">Ist eine Ratenzahlung m\u00f6glich?<\/div><\/div><\/div><\/div><\/div><\/div><\/div><\/div><\/div><\/div><\/div><p> <\/p><\/div>\n\t\t\t\t\t\t\t\t\t\t\t\t\t\t\t\t\t\t<\/div>\n\t\t\t\t<\/div>\n\t\t\t\t\t\t\t\n\t\t\t\t<div class=\"wd-accordion-item\">\n\t\t\t\t\t<div class=\"wd-accordion-title\" data-accordion-index=\"2\">\n\t\t\t\t\t\t<div class=\"wd-accordion-title-text\">\n\t\t\t\t\t\t\t\t\t\t\t\t\t\t<span>\n\t\t\t\t\t\t\t\tKann ich Waren telefonisch bestellen?\t\t\t\t\t\t\t<\/span>\n\t\t\t\t\t\t<\/div>\n\t\t\t\t\t\t<span class=\"wd-accordion-opener\"><\/span>\n\t\t\t\t\t<\/div>\n\n\t\t\t\t\t<div class=\"wd-accordion-content wd-entry-content\" data-accordion-index=\"2\">\n\t\t\t\t\t\t\t\t\t\t\t\t\t\n\t\t\t\t\t\t\t<div class=\"wd-page-content main-page-wrapper\"><main class=\"wd-content-layout content-layout-wrapper container\" role=\"main\"><\/main><div class=\"elementor elementor-15844\" data-elementor-type=\"wp-page\" data-elementor-id=\"15844\" data-elementor-post-type=\"page\"><div class=\"elementor-element elementor-element-9f75b2a e-flex e-con-boxed e-con e-parent\" data-id=\"9f75b2a\" data-element_type=\"container\"><div class=\"e-con-inner\"><div class=\"wd-negative-gap elementor-element elementor-element-23931f2 e-flex e-con-boxed e-con e-child\" data-id=\"23931f2\" data-element_type=\"container\"><div class=\"e-con-inner\"><div class=\"elementor-element elementor-element-5ebdf3c elementor-widget elementor-widget-wd_accordion\" data-id=\"5ebdf3c\" data-element_type=\"widget\" data-widget_type=\"wd_accordion.default\"><div class=\"elementor-widget-container\"><div class=\"wd-accordion wd-style-shadow wd-titles-left wd-opener-pos-right wd-opener-style-arrow wd-inited\" data-state=\"first\"><div class=\"wd-accordion-item\"><div class=\"wd-accordion-content wd-entry-content wd-active\" data-accordion-index=\"3\"><p>Die Bestellung von Waren erfolgt \u00fcber die Website (telefonisch nicht m\u00f6glich), es besteht jedoch die M\u00f6glichkeit, Waren \u00fcber soziale Netzwerke zu bestellen. Die Bezahlung von Warenbestellungen \u00fcber soziale Netzwerke ist ausschlie\u00dflich per Nachnahme m\u00f6glich. Weitere Informationen zur Bestellung \u00fcber die Website finden Sie auf der Seite \u201eSo kaufen Sie\u201c.  <\/p><\/div><\/div><div class=\"wd-accordion-item\"><div class=\"wd-accordion-title\" data-accordion-index=\"4\"><div class=\"wd-accordion-title-text\">Woher wei\u00df ich, dass ich einen Artikel erfolgreich \u00fcber die Website bestellt habe?<\/div><\/div><\/div><div class=\"wd-accordion-item\"><div class=\"wd-accordion-title\" data-accordion-index=\"5\"><div class=\"wd-accordion-title-text\">Wie bezahle ich das bestellte Produkt?<\/div><\/div><\/div><div class=\"wd-accordion-item\"><div class=\"wd-accordion-title\" data-accordion-index=\"6\"><div class=\"wd-accordion-title-text\">Ist eine Ratenzahlung m\u00f6glich?<\/div><\/div><\/div><\/div><\/div><\/div><\/div><\/div><\/div><\/div><\/div><p> <\/p><\/div>\n\t\t\t\t\t\t\t\t\t\t\t\t\t\t\t\t\t\t<\/div>\n\t\t\t\t<\/div>\n\t\t\t\t\t\t\t\n\t\t\t\t<div class=\"wd-accordion-item\">\n\t\t\t\t\t<div class=\"wd-accordion-title\" data-accordion-index=\"3\">\n\t\t\t\t\t\t<div class=\"wd-accordion-title-text\">\n\t\t\t\t\t\t\t\t\t\t\t\t\t\t<span>\n\t\t\t\t\t\t\t\tWoher wei\u00df ich, dass ich einen Artikel erfolgreich \u00fcber die Website bestellt habe?\t\t\t\t\t\t\t<\/span>\n\t\t\t\t\t\t<\/div>\n\t\t\t\t\t\t<span class=\"wd-accordion-opener\"><\/span>\n\t\t\t\t\t<\/div>\n\n\t\t\t\t\t<div class=\"wd-accordion-content wd-entry-content\" data-accordion-index=\"3\">\n\t\t\t\t\t\t\t\t\t\t\t\t\t\n\t\t\t\t\t\t\t<div class=\"wd-page-content main-page-wrapper\"><main class=\"wd-content-layout content-layout-wrapper container\" role=\"main\"><\/main><div class=\"elementor elementor-15844\" data-elementor-type=\"wp-page\" data-elementor-id=\"15844\" data-elementor-post-type=\"page\"><div class=\"elementor-element elementor-element-9f75b2a e-flex e-con-boxed e-con e-parent\" data-id=\"9f75b2a\" data-element_type=\"container\"><div class=\"e-con-inner\"><div class=\"wd-negative-gap elementor-element elementor-element-23931f2 e-flex e-con-boxed e-con e-child\" data-id=\"23931f2\" data-element_type=\"container\"><div class=\"e-con-inner\"><div class=\"elementor-element elementor-element-5ebdf3c elementor-widget elementor-widget-wd_accordion\" data-id=\"5ebdf3c\" data-element_type=\"widget\" data-widget_type=\"wd_accordion.default\"><div class=\"elementor-widget-container\"><div class=\"wd-accordion wd-style-shadow wd-titles-left wd-opener-pos-right wd-opener-style-arrow wd-inited\" data-state=\"first\"><div class=\"wd-accordion-item\"><div class=\"wd-accordion-content wd-entry-content wd-active\" data-accordion-index=\"4\"><p>Wenn Sie \u00fcber unsere Website einen erfolgreichen Einkauf t\u00e4tigen, wird Ihnen eine Seite mit der Bestellnummer und einer Meldung angezeigt, dass Ihre Bestellung erfolgreich war. Zus\u00e4tzlich erhalten Sie eine E-Mail mit allen Informationen zu Ihrer Bestellung. <\/p><\/div><\/div><div class=\"wd-accordion-item\"><div class=\"wd-accordion-title\" data-accordion-index=\"5\"><div class=\"wd-accordion-title-text\">Wie bezahle ich das bestellte Produkt?<\/div><\/div><\/div><div class=\"wd-accordion-item\"><div class=\"wd-accordion-title\" data-accordion-index=\"6\"><div class=\"wd-accordion-title-text\">Ist eine Ratenzahlung m\u00f6glich?<\/div><\/div><\/div><\/div><\/div><\/div><\/div><\/div><\/div><\/div><\/div><p> <\/p><\/div>\n\t\t\t\t\t\t\t\t\t\t\t\t\t\t\t\t\t\t<\/div>\n\t\t\t\t<\/div>\n\t\t\t\t\t\t\t\n\t\t\t\t<div class=\"wd-accordion-item\">\n\t\t\t\t\t<div class=\"wd-accordion-title\" data-accordion-index=\"4\">\n\t\t\t\t\t\t<div class=\"wd-accordion-title-text\">\n\t\t\t\t\t\t\t\t\t\t\t\t\t\t<span>\n\t\t\t\t\t\t\t\tWie bezahle ich das bestellte Produkt?\t\t\t\t\t\t\t<\/span>\n\t\t\t\t\t\t<\/div>\n\t\t\t\t\t\t<span class=\"wd-accordion-opener\"><\/span>\n\t\t\t\t\t<\/div>\n\n\t\t\t\t\t<div class=\"wd-accordion-content wd-entry-content\" data-accordion-index=\"4\">\n\t\t\t\t\t\t\t\t\t\t\t\t\t\n\t\t\t\t\t\t\t<div class=\"wd-page-content main-page-wrapper\"><main class=\"wd-content-layout content-layout-wrapper container\" role=\"main\"><\/main><div class=\"elementor elementor-15844\" data-elementor-type=\"wp-page\" data-elementor-id=\"15844\" data-elementor-post-type=\"page\"><div class=\"elementor-element elementor-element-9f75b2a e-flex e-con-boxed e-con e-parent\" data-id=\"9f75b2a\" data-element_type=\"container\"><div class=\"e-con-inner\"><div class=\"wd-negative-gap elementor-element elementor-element-23931f2 e-flex e-con-boxed e-con e-child\" data-id=\"23931f2\" data-element_type=\"container\"><div class=\"e-con-inner\"><div class=\"elementor-element elementor-element-5ebdf3c elementor-widget elementor-widget-wd_accordion\" data-id=\"5ebdf3c\" data-element_type=\"widget\" data-widget_type=\"wd_accordion.default\"><div class=\"elementor-widget-container\"><div class=\"wd-accordion wd-style-shadow wd-titles-left wd-opener-pos-right wd-opener-style-arrow wd-inited\" data-state=\"first\"><div class=\"wd-accordion-item\"><div class=\"wd-accordion-content wd-entry-content wd-active\" data-accordion-index=\"5\"><p>Wir arbeiten daran, unseren Kunden weitere Zahlungsoptionen anzubieten. Derzeit ist \u00fcber die Website nur die Barzahlung m\u00f6glich, bei der Abholung kann der Kurier jedoch auch mit Karte bezahlt werden. <\/p><\/div><\/div><div class=\"wd-accordion-item\"><div class=\"wd-accordion-title\" data-accordion-index=\"6\"><div class=\"wd-accordion-title-text\">Ist eine Ratenzahlung m\u00f6glich?<\/div><\/div><\/div><\/div><\/div><\/div><\/div><\/div><\/div><\/div><\/div><p> <\/p><\/div>\n\t\t\t\t\t\t\t\t\t\t\t\t\t\t\t\t\t\t<\/div>\n\t\t\t\t<\/div>\n\t\t\t\t\t<\/div>\n\t\t\t\t\t\t<\/div>\n\t\t\t\t<\/div>\n\t\t\t\t<\/div>\n\t\t<div class=\"elementor-element elementor-element-789122a e-con-full e-flex e-con e-child\" data-id=\"789122a\" data-element_type=\"container\" data-settings=\"{&quot;jet_parallax_layout_list&quot;:[]}\">\n\t\t\t\t<div class=\"elementor-element elementor-element-775ddc4 wd-width-100 elementor-widget elementor-widget-wd_title\" data-id=\"775ddc4\" data-element_type=\"widget\" data-widget_type=\"wd_title.default\">\n\t\t\t\t<div class=\"elementor-widget-container\">\n\t\t\t\t\t\t\t<div class=\"title-wrapper wd-set-mb reset-last-child wd-title-color-default wd-title-style-default wd-title-size-default text-left\">\n\n\t\t\t\n\t\t\t<div class=\"liner-continer\">\n\t\t\t\t<h4 class=\"woodmart-title-container title wd-fontsize-l\">Kontaktieren Sie uns bei Fragen<\/h4> \n\t\t\t\t\t\t\t<\/div>\n\n\t\t\t\t\t<\/div>\n\t\t\t\t\t\t<\/div>\n\t\t\t\t<\/div>\n\t\t\t\t<div class=\"elementor-element elementor-element-ebba4cd elementor-button-align-stretch elementor-widget elementor-widget-form\" data-id=\"ebba4cd\" data-element_type=\"widget\" data-settings=\"{&quot;step_next_label&quot;:&quot;N\\u00e4chste&quot;,&quot;step_previous_label&quot;:&quot;Vorherige&quot;,&quot;button_width&quot;:&quot;100&quot;,&quot;step_type&quot;:&quot;number_text&quot;,&quot;step_icon_shape&quot;:&quot;circle&quot;}\" data-widget_type=\"form.default\">\n\t\t\t\t<div class=\"elementor-widget-container\">\n\t\t\t\t\t\t\t<form class=\"elementor-form\" method=\"post\" name=\"Neues Formular\">\n\t\t\t<input type=\"hidden\" name=\"post_id\" value=\"16808\"\/>\n\t\t\t<input type=\"hidden\" name=\"form_id\" value=\"ebba4cd\"\/>\n\t\t\t<input type=\"hidden\" name=\"referer_title\" value=\"Kontaktieren Sie uns - Elvira Modest Fashion\" \/>\n\n\t\t\t\t\t\t\t<input type=\"hidden\" name=\"queried_id\" value=\"16808\"\/>\n\t\t\t\n\t\t\t<div class=\"elementor-form-fields-wrapper elementor-labels-above\">\n\t\t\t\t\t\t\t\t<div class=\"elementor-field-type-text elementor-field-group elementor-column elementor-field-group-name elementor-col-100\">\n\t\t\t\t\t\t\t\t\t\t\t\t<label for=\"form-field-name\" class=\"elementor-field-label\">\n\t\t\t\t\t\t\t\tName\t\t\t\t\t\t\t<\/label>\n\t\t\t\t\t\t\t\t\t\t\t\t\t\t<input size=\"1\" type=\"text\" name=\"form_fields[name]\" id=\"form-field-name\" class=\"elementor-field elementor-size-sm  elementor-field-textual\" placeholder=\"Name\">\n\t\t\t\t\t\t\t\t\t\t\t<\/div>\n\t\t\t\t\t\t\t\t<div class=\"elementor-field-type-email elementor-field-group elementor-column elementor-field-group-email elementor-col-100 elementor-field-required\">\n\t\t\t\t\t\t\t\t\t\t\t\t<label for=\"form-field-email\" class=\"elementor-field-label\">\n\t\t\t\t\t\t\t\tE-Mail\t\t\t\t\t\t\t<\/label>\n\t\t\t\t\t\t\t\t\t\t\t\t\t\t<input size=\"1\" type=\"email\" name=\"form_fields[email]\" id=\"form-field-email\" class=\"elementor-field elementor-size-sm  elementor-field-textual\" placeholder=\"E-Mail\" required=\"required\">\n\t\t\t\t\t\t\t\t\t\t\t<\/div>\n\t\t\t\t\t\t\t\t<div class=\"elementor-field-type-textarea elementor-field-group elementor-column elementor-field-group-message elementor-col-100\">\n\t\t\t\t\t\t\t\t\t\t\t\t<label for=\"form-field-message\" class=\"elementor-field-label\">\n\t\t\t\t\t\t\t\tNachricht\t\t\t\t\t\t\t<\/label>\n\t\t\t\t\t\t<textarea class=\"elementor-field-textual elementor-field  elementor-size-sm\" name=\"form_fields[message]\" id=\"form-field-message\" rows=\"4\" placeholder=\"Nachricht\"><\/textarea>\t\t\t\t<\/div>\n\t\t\t\t\t\t\t\t<div class=\"elementor-field-group elementor-column elementor-field-type-submit elementor-col-100 e-form__buttons\">\n\t\t\t\t\t<button class=\"elementor-button elementor-size-sm\" type=\"submit\">\n\t\t\t\t\t\t<span class=\"elementor-button-content-wrapper\">\n\t\t\t\t\t\t\t\t\t\t\t\t\t\t\t\t\t\t\t\t\t\t<span class=\"elementor-button-text\">Schicken<\/span>\n\t\t\t\t\t\t\t\t\t\t\t\t\t<\/span>\n\t\t\t\t\t<\/button>\n\t\t\t\t<\/div>\n\t\t\t<\/div>\n\t\t<\/form>\n\t\t\t\t\t\t<\/div>\n\t\t\t\t<\/div>\n\t\t\t\t<\/div>\n\t\t\t\t\t<\/div>\n\t\t\t\t<\/div>\n\t\t\t\t<\/div>\n\t\t","protected":false},"excerpt":{"rendered":"<p>WEITERE INFORMATIONEN H\u00c4UFIG GESTELLTE FRAGEN Besteht die M\u00f6glichkeit eines Ersatzes? Sollte Ihnen beim Online-Einkauf der bestellte Artikel nicht passen oder<\/p>\n","protected":false},"author":1,"featured_media":0,"parent":0,"menu_order":0,"comment_status":"closed","ping_status":"closed","template":"","meta":{"footnotes":""},"class_list":["post-16808","page","type-page","status-publish","hentry"],"yoast_head":"<!-- This site is optimized with the Yoast SEO plugin v25.8 - https:\/\/yoast.com\/wordpress\/plugins\/seo\/ -->\n<title>Kontaktieren Sie uns - Elvira Modest Fashion<\/title>\n<meta name=\"robots\" content=\"index, follow, max-snippet:-1, max-image-preview:large, max-video-preview:-1\" \/>\n<link rel=\"canonical\" href=\"https:\/\/elviramodestconcept.com\/de\/kontaktieren-sie-uns\/\" \/>\n<meta property=\"og:locale\" content=\"de_DE\" \/>\n<meta property=\"og:type\" content=\"article\" \/>\n<meta property=\"og:title\" content=\"Kontaktieren Sie uns - Elvira Modest Fashion\" \/>\n<meta property=\"og:description\" content=\"WEITERE INFORMATIONEN H\u00c4UFIG GESTELLTE FRAGEN Besteht die M\u00f6glichkeit eines Ersatzes? Sollte Ihnen beim Online-Einkauf der bestellte Artikel nicht passen oder\" \/>\n<meta property=\"og:url\" content=\"https:\/\/elviramodestconcept.com\/de\/kontaktieren-sie-uns\/\" \/>\n<meta property=\"og:site_name\" content=\"Elvira Modest Fashion\" \/>\n<meta property=\"article:modified_time\" content=\"2025-04-22T08:08:59+00:00\" \/>\n<meta name=\"twitter:card\" content=\"summary_large_image\" \/>\n<meta name=\"twitter:label1\" content=\"Gesch\u00e4tzte Lesezeit\" \/>\n\t<meta name=\"twitter:data1\" content=\"2\u00a0Minuten\" \/>\n<script type=\"application\/ld+json\" class=\"yoast-schema-graph\">{\"@context\":\"https:\/\/schema.org\",\"@graph\":[{\"@type\":\"WebPage\",\"@id\":\"https:\/\/elviramodestconcept.com\/de\/kontaktieren-sie-uns\/\",\"url\":\"https:\/\/elviramodestconcept.com\/de\/kontaktieren-sie-uns\/\",\"name\":\"Kontaktieren Sie uns - Elvira Modest Fashion\",\"isPartOf\":{\"@id\":\"https:\/\/elviramodestconcept.com\/de\/#website\"},\"datePublished\":\"2021-10-12T16:27:24+00:00\",\"dateModified\":\"2025-04-22T08:08:59+00:00\",\"breadcrumb\":{\"@id\":\"https:\/\/elviramodestconcept.com\/de\/kontaktieren-sie-uns\/#breadcrumb\"},\"inLanguage\":\"de\",\"potentialAction\":[{\"@type\":\"ReadAction\",\"target\":[\"https:\/\/elviramodestconcept.com\/de\/kontaktieren-sie-uns\/\"]}]},{\"@type\":\"BreadcrumbList\",\"@id\":\"https:\/\/elviramodestconcept.com\/de\/kontaktieren-sie-uns\/#breadcrumb\",\"itemListElement\":[{\"@type\":\"ListItem\",\"position\":1,\"name\":\"Home\",\"item\":\"https:\/\/elviramodestconcept.com\/de\/\"},{\"@type\":\"ListItem\",\"position\":2,\"name\":\"Kontaktieren Sie uns\"}]},{\"@type\":\"WebSite\",\"@id\":\"https:\/\/elviramodestconcept.com\/de\/#website\",\"url\":\"https:\/\/elviramodestconcept.com\/de\/\",\"name\":\"Elvira Modest Fashion\",\"description\":\"\",\"publisher\":{\"@id\":\"https:\/\/elviramodestconcept.com\/de\/#organization\"},\"potentialAction\":[{\"@type\":\"SearchAction\",\"target\":{\"@type\":\"EntryPoint\",\"urlTemplate\":\"https:\/\/elviramodestconcept.com\/de\/?s={search_term_string}\"},\"query-input\":{\"@type\":\"PropertyValueSpecification\",\"valueRequired\":true,\"valueName\":\"search_term_string\"}}],\"inLanguage\":\"de\"},{\"@type\":\"Organization\",\"@id\":\"https:\/\/elviramodestconcept.com\/de\/#organization\",\"name\":\"Elvira Modest Mode\",\"url\":\"https:\/\/elviramodestconcept.com\/de\/\",\"logo\":{\"@type\":\"ImageObject\",\"inLanguage\":\"de\",\"@id\":\"https:\/\/elviramodestconcept.com\/de\/#\/schema\/logo\/image\/\",\"url\":\"https:\/\/elviramodestconcept.com\/wp-content\/uploads\/2025\/04\/elvira-modest-fashion-black-logo.png\",\"contentUrl\":\"https:\/\/elviramodestconcept.com\/wp-content\/uploads\/2025\/04\/elvira-modest-fashion-black-logo.png\",\"width\":602,\"height\":510,\"caption\":\"Elvira Modest Mode\"},\"image\":{\"@id\":\"https:\/\/elviramodestconcept.com\/de\/#\/schema\/logo\/image\/\"},\"sameAs\":[\"https:\/\/www.instagram.com\/elvira.modestconcept\/\"]}]}<\/script>\n<!-- \/ Yoast SEO plugin. -->","yoast_head_json":{"title":"Kontaktieren Sie uns - Elvira Modest Fashion","robots":{"index":"index","follow":"follow","max-snippet":"max-snippet:-1","max-image-preview":"max-image-preview:large","max-video-preview":"max-video-preview:-1"},"canonical":"https:\/\/elviramodestconcept.com\/de\/kontaktieren-sie-uns\/","og_locale":"de_DE","og_type":"article","og_title":"Kontaktieren Sie uns - Elvira Modest Fashion","og_description":"WEITERE INFORMATIONEN H\u00c4UFIG GESTELLTE FRAGEN Besteht die M\u00f6glichkeit eines Ersatzes? Sollte Ihnen beim Online-Einkauf der bestellte Artikel nicht passen oder","og_url":"https:\/\/elviramodestconcept.com\/de\/kontaktieren-sie-uns\/","og_site_name":"Elvira Modest Fashion","article_modified_time":"2025-04-22T08:08:59+00:00","twitter_card":"summary_large_image","twitter_misc":{"Gesch\u00e4tzte Lesezeit":"2\u00a0Minuten"},"schema":{"@context":"https:\/\/schema.org","@graph":[{"@type":"WebPage","@id":"https:\/\/elviramodestconcept.com\/de\/kontaktieren-sie-uns\/","url":"https:\/\/elviramodestconcept.com\/de\/kontaktieren-sie-uns\/","name":"Kontaktieren Sie uns - Elvira Modest Fashion","isPartOf":{"@id":"https:\/\/elviramodestconcept.com\/de\/#website"},"datePublished":"2021-10-12T16:27:24+00:00","dateModified":"2025-04-22T08:08:59+00:00","breadcrumb":{"@id":"https:\/\/elviramodestconcept.com\/de\/kontaktieren-sie-uns\/#breadcrumb"},"inLanguage":"de","potentialAction":[{"@type":"ReadAction","target":["https:\/\/elviramodestconcept.com\/de\/kontaktieren-sie-uns\/"]}]},{"@type":"BreadcrumbList","@id":"https:\/\/elviramodestconcept.com\/de\/kontaktieren-sie-uns\/#breadcrumb","itemListElement":[{"@type":"ListItem","position":1,"name":"Home","item":"https:\/\/elviramodestconcept.com\/de\/"},{"@type":"ListItem","position":2,"name":"Kontaktieren Sie uns"}]},{"@type":"WebSite","@id":"https:\/\/elviramodestconcept.com\/de\/#website","url":"https:\/\/elviramodestconcept.com\/de\/","name":"Elvira Modest Fashion","description":"","publisher":{"@id":"https:\/\/elviramodestconcept.com\/de\/#organization"},"potentialAction":[{"@type":"SearchAction","target":{"@type":"EntryPoint","urlTemplate":"https:\/\/elviramodestconcept.com\/de\/?s={search_term_string}"},"query-input":{"@type":"PropertyValueSpecification","valueRequired":true,"valueName":"search_term_string"}}],"inLanguage":"de"},{"@type":"Organization","@id":"https:\/\/elviramodestconcept.com\/de\/#organization","name":"Elvira Modest Mode","url":"https:\/\/elviramodestconcept.com\/de\/","logo":{"@type":"ImageObject","inLanguage":"de","@id":"https:\/\/elviramodestconcept.com\/de\/#\/schema\/logo\/image\/","url":"https:\/\/elviramodestconcept.com\/wp-content\/uploads\/2025\/04\/elvira-modest-fashion-black-logo.png","contentUrl":"https:\/\/elviramodestconcept.com\/wp-content\/uploads\/2025\/04\/elvira-modest-fashion-black-logo.png","width":602,"height":510,"caption":"Elvira Modest Mode"},"image":{"@id":"https:\/\/elviramodestconcept.com\/de\/#\/schema\/logo\/image\/"},"sameAs":["https:\/\/www.instagram.com\/elvira.modestconcept\/"]}]}},"_links":{"self":[{"href":"https:\/\/elviramodestconcept.com\/de\/wp-json\/wp\/v2\/pages\/16808","targetHints":{"allow":["GET"]}}],"collection":[{"href":"https:\/\/elviramodestconcept.com\/de\/wp-json\/wp\/v2\/pages"}],"about":[{"href":"https:\/\/elviramodestconcept.com\/de\/wp-json\/wp\/v2\/types\/page"}],"author":[{"embeddable":true,"href":"https:\/\/elviramodestconcept.com\/de\/wp-json\/wp\/v2\/users\/1"}],"replies":[{"embeddable":true,"href":"https:\/\/elviramodestconcept.com\/de\/wp-json\/wp\/v2\/comments?post=16808"}],"version-history":[{"count":3,"href":"https:\/\/elviramodestconcept.com\/de\/wp-json\/wp\/v2\/pages\/16808\/revisions"}],"predecessor-version":[{"id":17432,"href":"https:\/\/elviramodestconcept.com\/de\/wp-json\/wp\/v2\/pages\/16808\/revisions\/17432"}],"wp:attachment":[{"href":"https:\/\/elviramodestconcept.com\/de\/wp-json\/wp\/v2\/media?parent=16808"}],"curies":[{"name":"wp","href":"https:\/\/api.w.org\/{rel}","templated":true}]}}